{"id":948,"date":"2018-08-16T19:02:32","date_gmt":"2018-08-16T22:02:32","guid":{"rendered":"https:\/\/isptconcordia-ers.infd.edu.ar\/sitio\/?page_id=948"},"modified":"2021-03-08T07:38:14","modified_gmt":"2021-03-08T10:38:14","slug":"preinscripciones","status":"publish","type":"page","link":"https:\/\/isptconcordia-ers.infd.edu.ar\/sitio\/preinscripciones\/","title":{"rendered":"PREINSCRIPCIONES 2021"},"content":{"rendered":"<h3>Antes de comenzar el proceso de preinscripci\u00f3n aseg\u00farate de tener una direcci\u00f3n de correo electr\u00f3nico v\u00e1lida y que funcione correctamente.<\/h3>\n<div id=\"m_-6291502607325201859yiv0671708094yui_3_16_0_ym19_1_1476995270440_9937\" dir=\"ltr\"><\/div>\n<div dir=\"ltr\">\n<h3><img decoding=\"async\" style=\"font-size: 16px;\" src=\"https:\/\/isptconcordia-ers.infd.edu.ar\/sitio\/wp-content\/uploads\/2020\/10\/pasos.png\" \/><\/h3>\n<\/div>\n<div dir=\"ltr\">\n<div id=\"m_-6291502607325201859yiv0671708094yui_3_16_0_ym19_1_1476995270440_9937\" dir=\"ltr\">\n<ul>\n<li><span style=\"color: #ff0000;\"><del><a style=\"color: #ff0000;\" href=\"https:\/\/isptconcordia-ers.infd.edu.ar\/sitio\/profesorado-de-educacion-secundaria-en-biologia\/\"><strong><span style=\"font-size: 12pt;\">Profesorado de Educaci\u00f3n Secundaria en Biolog\u00eda<\/span><\/strong><\/a><\/del><\/span><\/li>\n<li><span style=\"color: #0000ff;\"><a style=\"color: #0000ff;\" href=\"https:\/\/docs.google.com\/forms\/d\/e\/1FAIpQLSfF_6Y3kUn6ze-tig5vs1YpjT0pqFWpfpFhu8h9hydCmnvo9g\/viewform?usp=pp_url\"><strong><span style=\"font-size: 12pt;\">Profesorado de Educaci\u00f3n Secundaria en F\u00edsica<\/span><\/strong><\/a><\/span><\/li>\n<li><span style=\"color: #ff0000;\"><del><a style=\"color: #ff0000;\" href=\"https:\/\/docs.google.com\/forms\/d\/e\/1FAIpQLSdsNSLc_cI0F7WJWXB1fVY29J0AgE939YBFSIvgQfrCeuchMg\/viewform?usp=pp_url\"><strong><span style=\"font-size: 12pt;\">Profesorado de Educaci\u00f3n Secundaria en Matem\u00e1tica<\/span><\/strong><\/a><\/del><\/span><\/li>\n<li><span style=\"color: #ff0000;\"><del><a style=\"color: #ff0000;\" href=\"https:\/\/docs.google.com\/forms\/d\/e\/1FAIpQLSfsSunrOKdeA8Yrsataq-nnUSdJWbiN96oQyoh21ODcscaFzA\/viewform?usp=pp_url\"><strong><span style=\"font-size: 12pt;\">Profesorado de Educaci\u00f3n Secundaria en Qu\u00edmica\u00a0<\/span><\/strong><\/a><\/del><\/span><\/li>\n<li><span style=\"color: #ff0000;\"><del><a style=\"color: #ff0000;\" href=\"https:\/\/docs.google.com\/forms\/d\/e\/1FAIpQLSdUr_QtLGwVXrpJJ6eJ_eG9wpC9yXuwjuDSVZuIRV7R0cMsDQ\/viewform?usp=pp_url\"><strong><span style=\"font-size: 12pt;\">Profesorado de Educaci\u00f3n Tecnol\u00f3gica<\/span><\/strong><\/a><\/del><\/span><\/li>\n<\/ul>\n<\/div>\n<div dir=\"ltr\">\n<h3><strong style=\"font-size: 16px;\"><u>Documentaci\u00f3n Requerida:<\/u><\/strong><\/h3>\n<\/div>\n<\/div>\n<div id=\"m_-6291502607325201859yiv0671708094yui_3_16_0_ym19_1_1476995270440_9937\" dir=\"ltr\">\n<p>La documentaci\u00f3n debe ser subida en archivos PDF al <a href=\"https:\/\/isptconcordia-ers.infd.edu.ar\/aula\/\"><span style=\"color: #0000ff;\">Campus Virtual<\/span><\/a>, en el aula asignada, para lo cual se te informar\u00e1 por correo electr\u00f3nico tu <strong>Usuario<\/strong> y <strong>Contrase\u00f1a<\/strong><strong>.<\/strong><\/p>\n<ol>\n<li>Formulario de Preinscripci\u00f3n (lo recibir\u00e1s por correo electr\u00f3nico) firmado por usted.<\/li>\n<li>\u00a0Contrato Institucional\u00a0\u00a0(lo recibir\u00e1s por correo electr\u00f3nico) firmado por usted.<\/li>\n<li>T\u00edtulo Secundario Autenticado o Constancia de T\u00edtulo en Tr\u00e1mite (<strong>Si Usted NO tiene completo el nivel secundario se considerar\u00e1 PRE-INSCRIPCI\u00d3N CONDICIONAL)<\/strong><\/li>\n<li>D.N.I. (frente y reverso)<\/li>\n<li>Fotocopia de Partida Nacimiento Autenticada<\/li>\n<li>Constancia de C.U.I.L.<\/li>\n<li>Certificado Psicol\u00f3gico. El Certificado deber\u00e1 ser emitido por un Psic\u00f3logo y deber\u00e1 tener la siguiente leyenda: \u00ab<strong>no evidencias alteraciones psicopatol\u00f3gicas agudas y\/o graves al momento de realizar la entrevista<\/strong>\u00ab.\u00a0(No se aceptar\u00e1 otro certificado firmado por otro profesional o que posea leyenda hom\u00f3loga).<\/li>\n<li>Foto de frente tipo Carnet<\/li>\n<\/ol>\n<p><strong>En el caso que se reanuden las actividades presenciales, cualquiera sea el tiempo del ciclo lectivo, en un per\u00edodo no mayor a los 7 d\u00edas h\u00e1biles deber\u00e1 presentar toda la documentaci\u00f3n en la preceptor\u00eda de ISDICA. Quien no regularice esta situaci\u00f3n perder\u00e1 todo derecho a la continuidad de la carrera, ya que no cumple con los tr\u00e1mites legales y administrativos institucionales.<\/strong><\/p>\n<\/div>\n<div dir=\"ltr\">\n<p>Te esperamos, cordialmente.<\/p>\n<p>RECTORA<br \/>\nLic. Silvina Molina<br \/>\nEquipo ISDICA<br \/>\n<a href=\"http:\/\/isptconcordia.ers.infd.edu.ar\/\">http:\/\/isptconcordia.ers.infd.edu.ar<\/a><br \/>\nE-mail: \u00a0<a href=\"mailto:profesoradotecnologiaconcordia@yahoo.com.ar\">profesoradotecnologiaconcordia@yahoo.com.ar<\/a><br \/>\nLamadrid N\u00b0 945<br \/>\nConcordia \u2013 Entre R\u00edos<\/p>\n<\/div>\n","protected":false},"excerpt":{"rendered":"<p>Antes de comenzar el proceso de preinscripci\u00f3n aseg\u00farate de tener una direcci\u00f3n de correo electr\u00f3nico v\u00e1lida y que funcione correctamente. Profesorado de Educaci\u00f3n Secundaria en Biolog\u00eda Profesorado de Educaci\u00f3n Secundaria en F\u00edsica Profesorado de Educaci\u00f3n Secundaria en Matem\u00e1tica Profesorado de Educaci\u00f3n Secundaria en Qu\u00edmica\u00a0 Profesorado de Educaci\u00f3n Tecnol\u00f3gica Documentaci\u00f3n Requerida: La documentaci\u00f3n debe ser subida &#8230; <a title=\"PREINSCRIPCIONES 2021\" class=\"read-more\" href=\"https:\/\/isptconcordia-ers.infd.edu.ar\/sitio\/preinscripciones\/\" aria-label=\"More on PREINSCRIPCIONES 2021\">[+]<\/a><\/p>\n","protected":false},"author":1033,"featured_media":0,"parent":0,"menu_order":0,"comment_status":"closed","ping_status":"closed","template":"","meta":[],"acf":[],"_links":{"self":[{"href":"https:\/\/isptconcordia-ers.infd.edu.ar\/sitio\/wp-json\/wp\/v2\/pages\/948"}],"collection":[{"href":"https:\/\/isptconcordia-ers.infd.edu.ar\/sitio\/wp-json\/wp\/v2\/pages"}],"about":[{"href":"https:\/\/isptconcordia-ers.infd.edu.ar\/sitio\/wp-json\/wp\/v2\/types\/page"}],"author":[{"embeddable":true,"href":"https:\/\/isptconcordia-ers.infd.edu.ar\/sitio\/wp-json\/wp\/v2\/users\/1033"}],"replies":[{"embeddable":true,"href":"https:\/\/isptconcordia-ers.infd.edu.ar\/sitio\/wp-json\/wp\/v2\/comments?post=948"}],"version-history":[{"count":64,"href":"https:\/\/isptconcordia-ers.infd.edu.ar\/sitio\/wp-json\/wp\/v2\/pages\/948\/revisions"}],"predecessor-version":[{"id":1412,"href":"https:\/\/isptconcordia-ers.infd.edu.ar\/sitio\/wp-json\/wp\/v2\/pages\/948\/revisions\/1412"}],"wp:attachment":[{"href":"https:\/\/isptconcordia-ers.infd.edu.ar\/sitio\/wp-json\/wp\/v2\/media?parent=948"}],"curies":[{"name":"wp","href":"https:\/\/api.w.org\/{rel}","templated":true}]}}