{"id":891,"date":"2018-06-28T17:05:44","date_gmt":"2018-06-28T20:05:44","guid":{"rendered":"https:\/\/isptconcordia-ers.infd.edu.ar\/sitio\/plan-de-estudios-6\/"},"modified":"2024-09-16T18:22:26","modified_gmt":"2024-09-16T21:22:26","slug":"plan-de-estudios-6","status":"publish","type":"page","link":"https:\/\/isptconcordia-ers.infd.edu.ar\/sitio\/plan-de-estudios-6\/","title":{"rendered":"Plan de Estudios del Profesorado de Educaci\u00f3n Secundaria en Biolog\u00eda"},"content":{"rendered":"\n<p><strong><a href=\"https:\/\/des-ers.infd.edu.ar\/sitio\/wp-admin\/upload\/0761-14_CGE_Dise%F1o_Curricular_Profesorado_de_Educ._Sec._en_Biolog%EDa.pdf\">Resoluci\u00f3n 761\/14 CGE<\/a><\/strong><\/p>\n\n\n<table style=\"width: 466px;\" border=\"0\">\n<tbody>\n<tr style=\"height: 13px;\">\n<td style=\"height: 13px; width: 83px;\"><strong>CODIGO<\/strong><\/td>\n<td style=\"height: 13px; width: 371px;\"><strong>1\u00ba A\u00f1o<\/strong><\/td>\n<\/tr>\n<tr style=\"height: 13px;\">\n<td style=\"height: 13px; width: 83px;\">BIO101<\/td>\n<td style=\"height: 13px; width: 371px;\">Biolog\u00eda general<\/td>\n<\/tr>\n<tr style=\"height: 13px;\">\n<td style=\"height: 13px; width: 83px;\">BIO102<\/td>\n<td style=\"height: 13px; width: 371px;\">Ciencias de la tierra<\/td>\n<\/tr>\n<tr style=\"height: 13px;\">\n<td style=\"height: 13px; width: 83px;\">BIO103<\/td>\n<td style=\"height: 13px; width: 371px;\">Corporeidad, juego y lenguajes art\u00edsticos<\/td>\n<\/tr>\n<tr style=\"height: 13px;\">\n<td style=\"height: 13px; width: 83px;\">BIO104<\/td>\n<td style=\"height: 13px; width: 371px;\">Did\u00e1ctica general<\/td>\n<\/tr>\n<tr style=\"height: 13px;\">\n<td style=\"height: 13px; width: 83px;\">BIO105<\/td>\n<td style=\"height: 13px; width: 371px;\">F\u00edsica<\/td>\n<\/tr>\n<tr style=\"height: 13px;\">\n<td style=\"height: 13px; width: 83px;\">BIO106<\/td>\n<td style=\"height: 13px; width: 371px;\">Matem\u00e1tica&nbsp;<\/td>\n<\/tr>\n<tr style=\"height: 13px;\">\n<td style=\"height: 13px; width: 83px;\">BIO107<\/td>\n<td style=\"height: 13px; width: 371px;\">Oralidad, lectura, escritura y TIC<\/td>\n<\/tr>\n<tr style=\"height: 13px;\">\n<td style=\"height: 13px; width: 83px;\">BIO108<\/td>\n<td style=\"height: 13px; width: 371px;\">Pedagog\u00eda<\/td>\n<\/tr>\n<tr style=\"height: 13px;\">\n<td style=\"height: 13px; width: 83px;\">BIO109<\/td>\n<td style=\"height: 13px; width: 371px;\">Pr\u00e1ctica docente I<\/td>\n<\/tr>\n<tr style=\"height: 13px;\">\n<td style=\"height: 13px; width: 83px;\">BIO110<\/td>\n<td style=\"height: 13px; width: 371px;\">Qu\u00edmica<\/td>\n<\/tr>\n<tr style=\"height: 13px;\">\n<td style=\"height: 13px; width: 83px;\"><strong>CODIGO<\/strong><\/td>\n<td style=\"height: 13px; width: 371px;\"><strong>2\u00ba A\u00f1o<\/strong><\/td>\n<\/tr>\n<tr style=\"height: 13px;\">\n<td style=\"height: 13px; width: 83px;\">BIO201<\/td>\n<td style=\"height: 13px; width: 371px;\">Biolog\u00eda celular y molecular<\/td>\n<\/tr>\n<tr style=\"height: 13px;\">\n<td style=\"height: 13px; width: 83px;\">BIO202<\/td>\n<td style=\"height: 13px; width: 371px;\">Biolog\u00eda humana<\/td>\n<\/tr>\n<tr style=\"height: 13px;\">\n<td style=\"height: 13px; width: 83px;\">BIO203<\/td>\n<td style=\"height: 13px; width: 371px;\">Did\u00e1ctica de las ciencias naturales<\/td>\n<\/tr>\n<tr style=\"height: 13px;\">\n<td style=\"height: 13px; width: 83px;\">BIO204<\/td>\n<td style=\"height: 13px; width: 371px;\">Educaci\u00f3n sexual integral<\/td>\n<\/tr>\n<tr style=\"height: 13px;\">\n<td style=\"height: 13px; width: 83px;\">BIO205<\/td>\n<td style=\"height: 13px; width: 371px;\">Filosof\u00eda<\/td>\n<\/tr>\n<tr style=\"height: 26px;\">\n<td style=\"height: 26px; width: 83px;\">BIO206<\/td>\n<td style=\"height: 26px; width: 371px;\">Historia social. y pol\u00edtica argentina y latinoamericana<\/td>\n<\/tr>\n<tr style=\"height: 13px;\">\n<td style=\"height: 13px; width: 83px;\">BIO207<\/td>\n<td style=\"height: 13px; width: 371px;\">Pr\u00e1ctica docente II<\/td>\n<\/tr>\n<tr style=\"height: 13px;\">\n<td style=\"height: 13px; width: 83px;\">BIO208<\/td>\n<td style=\"height: 13px; width: 371px;\">Psicolog\u00eda educacional<\/td>\n<\/tr>\n<tr style=\"height: 13px;\">\n<td style=\"height: 13px; width: 83px;\">BIO209<\/td>\n<td style=\"height: 13px; width: 371px;\">Reinos unicelulares<\/td>\n<\/tr>\n<tr style=\"height: 13px;\">\n<td style=\"height: 13px; width: 83px;\">BIO210<\/td>\n<td style=\"height: 13px; width: 371px;\">Sujetos de la educaci\u00f3n secundaria<\/td>\n<\/tr>\n<tr style=\"height: 13px;\">\n<td style=\"height: 13px; width: 83px;\"><strong>CODIGO<\/strong><\/td>\n<td style=\"height: 13px; width: 371px;\"><strong>3\u00ba A\u00f1o<\/strong><\/td>\n<\/tr>\n<tr style=\"height: 16px;\">\n<td style=\"height: 16px; width: 83px;\">BIO301<\/td>\n<td style=\"height: 16px; width: 371px;\">An\u00e1lisis y organizaci\u00f3n de las instituciones. educativas<\/td>\n<\/tr>\n<tr style=\"height: 13px;\">\n<td style=\"height: 13px; width: 83px;\">BIO302<\/td>\n<td style=\"height: 13px; width: 371px;\">Did\u00e1ctica de la biolog\u00eda<\/td>\n<\/tr>\n<tr style=\"height: 13px;\">\n<td style=\"height: 13px; width: 83px;\">BIO303<\/td>\n<td style=\"height: 13px; width: 371px;\">Epistemolog\u00eda de la biolog\u00eda<\/td>\n<\/tr>\n<tr style=\"height: 13px;\">\n<td style=\"height: 13px; width: 83px;\">BIO304<\/td>\n<td style=\"height: 13px; width: 371px;\">Historia de la educaci\u00f3n argentina<\/td>\n<\/tr>\n<tr style=\"height: 13px;\">\n<td style=\"height: 13px; width: 83px;\">BIO305<\/td>\n<td style=\"height: 13px; width: 371px;\">Practica docente III<\/td>\n<\/tr>\n<tr style=\"height: 13px;\">\n<td style=\"height: 13px; width: 83px;\">BIO306<\/td>\n<td style=\"height: 13px; width: 371px;\">Reino animal<\/td>\n<\/tr>\n<tr style=\"height: 13px;\">\n<td style=\"height: 13px; width: 83px;\">BIO307<\/td>\n<td style=\"height: 13px; width: 371px;\">Reinos pluricelulares<\/td>\n<\/tr>\n<tr style=\"height: 13px;\">\n<td style=\"height: 13px; width: 83px;\">BIO308<\/td>\n<td style=\"height: 13px; width: 371px;\">Sociolog\u00eda de la educaci\u00f3n<\/td>\n<\/tr>\n<tr style=\"height: 13px;\">\n<td style=\"height: 13px; width: 83px;\">BIO309<\/td>\n<td style=\"height: 13px; width: 371px;\">UDI<\/td>\n<\/tr>\n<tr style=\"height: 13px;\">\n<td style=\"height: 13px; width: 83px;\"><strong>CODIGO<\/strong><\/td>\n<td style=\"height: 13px; width: 371px;\"><strong>4\u00ba A\u00f1o<\/strong><\/td>\n<\/tr>\n<tr style=\"height: 13px;\">\n<td style=\"height: 13px; width: 83px;\">BIO401<\/td>\n<td style=\"height: 13px; width: 371px;\">Derechos humanos<\/td>\n<\/tr>\n<tr style=\"height: 13px;\">\n<td style=\"height: 13px; width: 83px;\">BIO402<\/td>\n<td style=\"height: 13px; width: 371px;\">Ecolog\u00eda<\/td>\n<\/tr>\n<tr style=\"height: 13px;\">\n<td style=\"height: 13px; width: 83px;\">BIO403<\/td>\n<td style=\"height: 13px; width: 371px;\">Evoluci\u00f3n<\/td>\n<\/tr>\n<tr style=\"height: 13px;\">\n<td style=\"height: 13px; width: 83px;\">BIO404<\/td>\n<td style=\"height: 13px; width: 371px;\">Gen\u00e9tica<\/td>\n<\/tr>\n<tr style=\"height: 13px;\">\n<td style=\"height: 13px; width: 83px;\">BIO405<\/td>\n<td style=\"height: 13px; width: 371px;\">Practica docente IV<\/td>\n<\/tr>\n<tr style=\"height: 13px;\">\n<td style=\"height: 13px; width: 83px;\">BIO406<\/td>\n<td style=\"height: 13px; width: 371px;\">Salud y ambiente<\/td>\n<\/tr>\n<tr style=\"height: 13px;\">\n<td style=\"height: 13px; width: 83px;\">BIO407<\/td>\n<td style=\"height: 13px; width: 371px;\">UDI<\/td>\n<\/tr>\n<\/tbody>\n<\/table>","protected":false},"excerpt":{"rendered":"<p>Resoluci\u00f3n 761\/14 CGE CODIGO 1\u00ba A\u00f1o BIO101 Biolog\u00eda general BIO102 Ciencias de la tierra BIO103 Corporeidad, juego y lenguajes art\u00edsticos BIO104 Did\u00e1ctica general BIO105 F\u00edsica BIO106 Matem\u00e1tica&nbsp; BIO107 Oralidad, lectura, escritura y TIC BIO108 Pedagog\u00eda BIO109 Pr\u00e1ctica docente I BIO110 Qu\u00edmica CODIGO 2\u00ba A\u00f1o BIO201 Biolog\u00eda celular y molecular BIO202 Biolog\u00eda humana BIO203 Did\u00e1ctica de &#8230; <a title=\"Plan de Estudios del Profesorado de Educaci\u00f3n Secundaria en Biolog\u00eda\" class=\"read-more\" href=\"https:\/\/isptconcordia-ers.infd.edu.ar\/sitio\/plan-de-estudios-6\/\" aria-label=\"More on Plan de Estudios del Profesorado de Educaci\u00f3n Secundaria en Biolog\u00eda\">[+]<\/a><\/p>\n","protected":false},"author":1033,"featured_media":0,"parent":0,"menu_order":0,"comment_status":"closed","ping_status":"closed","template":"","meta":[],"acf":[],"_links":{"self":[{"href":"https:\/\/isptconcordia-ers.infd.edu.ar\/sitio\/wp-json\/wp\/v2\/pages\/891"}],"collection":[{"href":"https:\/\/isptconcordia-ers.infd.edu.ar\/sitio\/wp-json\/wp\/v2\/pages"}],"about":[{"href":"https:\/\/isptconcordia-ers.infd.edu.ar\/sitio\/wp-json\/wp\/v2\/types\/page"}],"author":[{"embeddable":true,"href":"https:\/\/isptconcordia-ers.infd.edu.ar\/sitio\/wp-json\/wp\/v2\/users\/1033"}],"replies":[{"embeddable":true,"href":"https:\/\/isptconcordia-ers.infd.edu.ar\/sitio\/wp-json\/wp\/v2\/comments?post=891"}],"version-history":[{"count":2,"href":"https:\/\/isptconcordia-ers.infd.edu.ar\/sitio\/wp-json\/wp\/v2\/pages\/891\/revisions"}],"predecessor-version":[{"id":1927,"href":"https:\/\/isptconcordia-ers.infd.edu.ar\/sitio\/wp-json\/wp\/v2\/pages\/891\/revisions\/1927"}],"wp:attachment":[{"href":"https:\/\/isptconcordia-ers.infd.edu.ar\/sitio\/wp-json\/wp\/v2\/media?parent=891"}],"curies":[{"name":"wp","href":"https:\/\/api.w.org\/{rel}","templated":true}]}}