{"id":878,"date":"2018-06-28T17:05:39","date_gmt":"2018-06-28T20:05:39","guid":{"rendered":"https:\/\/isptconcordia-ers.infd.edu.ar\/sitio\/disenos-curriculares\/"},"modified":"2021-08-27T20:36:40","modified_gmt":"2021-08-27T23:36:40","slug":"disenos-curriculares","status":"publish","type":"page","link":"https:\/\/isptconcordia-ers.infd.edu.ar\/sitio\/disenos-curriculares\/","title":{"rendered":"Dise\u00f1os Curriculares"},"content":{"rendered":"<h2><span style=\"color: #ff0000; font-size: 12pt;\">Dise\u00f1os Curriculares de Educaci\u00f3n Secundaria en Entre R\u00edos<\/span><\/h2>\n<p><span style=\"font-family: arial, helvetica, sans-serif; font-size: 10pt; color: #000000;\">En esta secci\u00f3n est\u00e1n disponibles los dise\u00f1os curriculares para Educaci\u00f3n Secundaria, para ser descargados.<\/span><\/p>\n<p><span style=\"font-family: arial, helvetica, sans-serif; font-size: 10pt;\"><a title=\"Dise\u00f1o Curricular de Educacion Secundaria - Tomo I\" href=\"upload\/Dise%F1o-Curricular-de-Educacion-Secundaria-Tomo-I.pdf\" target=\"_blank\" rel=\"noopener\">Dise\u00f1o Curricular de Educaci\u00f3n Secundaria &#8211; TOMO I<\/a><\/span><\/p>\n<p><span style=\"color: #ff0000; font-family: arial, helvetica, sans-serif; font-size: 10pt;\"><a title=\"Dise\u00f1o Curricular de Educacion Secundaria - Tomo II\" href=\"upload\/Dise%F1o-Curricular-de-Educacion-Secundaria-Tomo-II.pdf\" target=\"_blank\" rel=\"noopener\">Dise\u00f1o Curricular de Educaci\u00f3n Secundaria &#8211; TOMO II<\/a><\/span><\/p>\n<p><span style=\"color: #ff0000; font-family: arial, helvetica, sans-serif; font-size: 10pt;\"><a title=\"DC Profesorado de Biologia\" href=\"upload\/0761-14_CGE_Disen_o_Curricular_Profesorado_de_Educ._Sec._en_Biologia.pdf\" target=\"_blank\" rel=\"noopener\">Dise\u00f1o Curricular de Educaci\u00f3n Secundaria en Biolog\u00eda<\/a><\/span><\/p>\n<p><span style=\"color: #ff0000; font-family: arial, helvetica, sans-serif; font-size: 10pt;\"><a title=\"Dise\u00f1o Curricular de Educaci\u00f3n Tecnol\u00f3gica\" href=\"http:\/\/des.ers.infd.edu.ar\/sitio\/upload\/4798-15_CGE.pdf\">Dise\u00f1o Curricular de Educaci\u00f3n Tecnol\u00f3gica<\/a><\/span><\/p>\n<p><span style=\"color: #ff0000; font-family: arial, helvetica, sans-serif; font-size: 10pt;\"><a title=\"Dise\u00f1o Curricular de Educaci\u00f3n Secundaria en F\u00edsica\" href=\"upload\/0758-14_CGE_Dise%F1o_Curricular_Profesorado_de_Educ._Sec._en_F%EDsica.pdf\" target=\"_blank\" rel=\"noopener\">Dise\u00f1o Curricular de Educaci\u00f3n Secundaria en F\u00edsica<\/a><\/span><\/p>\n<p><span style=\"color: #ff0000; font-family: arial, helvetica, sans-serif; font-size: 10pt;\"><a title=\"Dise\u00f1o Curricular de Educaci\u00f3n Secundaria en Qu\u00edmica\" href=\"upload\/0762-14_CGE_Dise%F1o_Curricular_Profesorado_de_Educ._Sec._en_Qu%EDmica.pdf\" target=\"_blank\" rel=\"noopener\">Dise\u00f1o Curricular de Educaci\u00f3n Secundaria en Qu\u00edmica<\/a><\/span><\/p>\n<p><span style=\"color: #ff0000; font-family: arial, helvetica, sans-serif; font-size: 10pt;\"><a title=\"Dise\u00f1o Curricular de Educaci\u00f3n Secundaria en Matem\u00e1tica\" href=\"upload\/0764-14_CGE_Dise%F1o_Curricular_Profesorado_de_Educ._Sec._en_Matem%E1tica.pdf\" target=\"_blank\" rel=\"noopener\">Dise\u00f1o Curricular de Educaci\u00f3n Secundaria en Matem\u00e1tica<\/a><\/span><\/p>\n<p><span style=\"color: #ff0000; font-family: arial, helvetica, sans-serif;\">\u00a0<\/span><\/p>\n","protected":false},"excerpt":{"rendered":"<p>Dise\u00f1os Curriculares de Educaci\u00f3n Secundaria en Entre R\u00edos En esta secci\u00f3n est\u00e1n disponibles los dise\u00f1os curriculares para Educaci\u00f3n Secundaria, para ser descargados. Dise\u00f1o Curricular de Educaci\u00f3n Secundaria &#8211; TOMO I Dise\u00f1o Curricular de Educaci\u00f3n Secundaria &#8211; TOMO II Dise\u00f1o Curricular de Educaci\u00f3n Secundaria en Biolog\u00eda Dise\u00f1o Curricular de Educaci\u00f3n Tecnol\u00f3gica Dise\u00f1o Curricular de Educaci\u00f3n Secundaria &#8230; <a title=\"Dise\u00f1os Curriculares\" class=\"read-more\" href=\"https:\/\/isptconcordia-ers.infd.edu.ar\/sitio\/disenos-curriculares\/\" aria-label=\"More on Dise\u00f1os Curriculares\">[+]<\/a><\/p>\n","protected":false},"author":1033,"featured_media":0,"parent":0,"menu_order":0,"comment_status":"closed","ping_status":"closed","template":"","meta":[],"acf":[],"_links":{"self":[{"href":"https:\/\/isptconcordia-ers.infd.edu.ar\/sitio\/wp-json\/wp\/v2\/pages\/878"}],"collection":[{"href":"https:\/\/isptconcordia-ers.infd.edu.ar\/sitio\/wp-json\/wp\/v2\/pages"}],"about":[{"href":"https:\/\/isptconcordia-ers.infd.edu.ar\/sitio\/wp-json\/wp\/v2\/types\/page"}],"author":[{"embeddable":true,"href":"https:\/\/isptconcordia-ers.infd.edu.ar\/sitio\/wp-json\/wp\/v2\/users\/1033"}],"replies":[{"embeddable":true,"href":"https:\/\/isptconcordia-ers.infd.edu.ar\/sitio\/wp-json\/wp\/v2\/comments?post=878"}],"version-history":[{"count":1,"href":"https:\/\/isptconcordia-ers.infd.edu.ar\/sitio\/wp-json\/wp\/v2\/pages\/878\/revisions"}],"predecessor-version":[{"id":1474,"href":"https:\/\/isptconcordia-ers.infd.edu.ar\/sitio\/wp-json\/wp\/v2\/pages\/878\/revisions\/1474"}],"wp:attachment":[{"href":"https:\/\/isptconcordia-ers.infd.edu.ar\/sitio\/wp-json\/wp\/v2\/media?parent=878"}],"curies":[{"name":"wp","href":"https:\/\/api.w.org\/{rel}","templated":true}]}}