{"id":871,"date":"2018-06-28T17:05:37","date_gmt":"2018-06-28T20:05:37","guid":{"rendered":"https:\/\/isptconcordia-ers.infd.edu.ar\/sitio\/plan-de-estudios-4\/"},"modified":"2024-09-16T18:37:34","modified_gmt":"2024-09-16T21:37:34","slug":"plan-de-estudios-4","status":"publish","type":"page","link":"https:\/\/isptconcordia-ers.infd.edu.ar\/sitio\/plan-de-estudios-4\/","title":{"rendered":"Plan de Estudios del Profesorado de Educaci\u00f3n Secundaria en Matem\u00e1tica"},"content":{"rendered":"\n<p><strong><a href=\"https:\/\/des-ers.infd.edu.ar\/sitio\/wp-admin\/upload\/0764-14_CGE_Dise%F1o_Curricular_Profesorado_de_Educ._Sec._en_Matem%E1tica.pdf\">Resoluci\u00f3n 764\/14 CGE<\/a><\/strong><\/p>\n\n\n<table style=\"width: 503px; border-color: #000000;\" border=\"0\">\n<tbody>\n<tr style=\"height: 13px;\">\n<td style=\"width: 88px; height: 13px;\"><strong><span style=\"color: #000000;\">CODIGO<\/span><\/strong><\/td>\n<td style=\"width: 403px; height: 13px;\"><strong><span style=\"color: #000000;\">1\u00ba A\u00f1o<\/span><\/strong><\/td>\n<\/tr>\n<tr style=\"height: 13px;\">\n<td style=\"width: 88px; height: 13px;\"><span style=\"color: #000000;\">MAT101<\/span><\/td>\n<td style=\"width: 403px; height: 13px;\"><span style=\"color: #000000;\">Corporeidad, juego y lenguajes art\u00edsticos<\/span><\/td>\n<\/tr>\n<tr style=\"height: 13px;\">\n<td style=\"width: 88px; height: 13px;\"><span style=\"color: #000000;\">MAT102<\/span><\/td>\n<td style=\"width: 403px; height: 13px;\"><span style=\"color: #000000;\">Did\u00e1ctica general<\/span><\/td>\n<\/tr>\n<tr style=\"height: 13px;\">\n<td style=\"width: 88px; height: 13px;\"><span style=\"color: #000000;\">MAT103<\/span><\/td>\n<td style=\"width: 403px; height: 13px;\"><span style=\"color: #000000;\">Elementos de matem\u00e1tica\u00a0<\/span><\/td>\n<\/tr>\n<tr style=\"height: 13px;\">\n<td style=\"width: 88px; height: 13px;\"><span style=\"color: #000000;\">MAT104<\/span><\/td>\n<td style=\"width: 403px; height: 13px;\"><span style=\"color: #000000;\">Oralidad, lectura, escritura y TIC<\/span><\/td>\n<\/tr>\n<tr style=\"height: 13px;\">\n<td style=\"width: 88px; height: 13px;\"><span style=\"color: #000000;\">MAT105<\/span><\/td>\n<td style=\"width: 403px; height: 13px;\"><span style=\"color: #000000;\">Pedagog\u00eda<\/span><\/td>\n<\/tr>\n<tr style=\"height: 13px;\">\n<td style=\"width: 88px; height: 13px;\"><span style=\"color: #000000;\">MAT106<\/span><\/td>\n<td style=\"width: 403px; height: 13px;\"><span style=\"color: #000000;\">Pr\u00e1ctica docente I<\/span><\/td>\n<\/tr>\n<tr style=\"height: 13px;\">\n<td style=\"width: 88px; height: 13px;\"><span style=\"color: #000000;\">MAT107<\/span><\/td>\n<td style=\"width: 403px; height: 13px;\"><span style=\"color: #000000;\">Problem\u00e1tica de la geometr\u00eda I<\/span><\/td>\n<\/tr>\n<tr style=\"height: 13px;\">\n<td style=\"width: 88px; height: 13px;\"><span style=\"color: #000000;\">MAT108<\/span><\/td>\n<td style=\"width: 403px; height: 13px;\"><span style=\"color: #000000;\">Problem\u00e1tica del an\u00e1lisis matem\u00e1tico I<\/span><\/td>\n<\/tr>\n<tr style=\"height: 13px;\">\n<td style=\"width: 88px; height: 13px;\"><span style=\"color: #000000;\">MAT109<\/span><\/td>\n<td style=\"width: 403px; height: 13px;\"><span style=\"color: #000000;\">Resoluciones de problemas y TIC<\/span><\/td>\n<\/tr>\n<tr style=\"height: 13px;\">\n<td style=\"width: 88px; height: 13px;\"><strong><span style=\"color: #000000;\">CODIGO<\/span><\/strong><\/td>\n<td style=\"width: 403px; height: 13px;\"><strong><span style=\"color: #000000;\">2\u00ba A\u00f1o<\/span><\/strong><\/td>\n<\/tr>\n<tr style=\"height: 13px;\">\n<td style=\"width: 88px; height: 13px;\"><span style=\"color: #000000;\">MAT201<\/span><\/td>\n<td style=\"width: 403px; height: 13px;\"><span style=\"color: #000000;\">Did\u00e1ctica de la matem\u00e1tica I<\/span><\/td>\n<\/tr>\n<tr style=\"height: 13px;\">\n<td style=\"width: 88px; height: 13px;\"><span style=\"color: #000000;\">MAT202<\/span><\/td>\n<td style=\"width: 403px; height: 13px;\"><span style=\"color: #000000;\">Educaci\u00f3n sexual integral<\/span><\/td>\n<\/tr>\n<tr style=\"height: 13px;\">\n<td style=\"width: 88px; height: 13px;\"><span style=\"color: #000000;\">MAT203<\/span><\/td>\n<td style=\"width: 403px; height: 13px;\"><span style=\"color: #000000;\">Filosof\u00eda<\/span><\/td>\n<\/tr>\n<tr style=\"height: 13px;\">\n<td style=\"width: 88px; height: 13px;\"><span style=\"color: #000000;\">MAT204<\/span><\/td>\n<td style=\"width: 403px; height: 13px;\"><span style=\"color: #000000;\">Historia social y pol\u00edtica argentina y latinoamericana<\/span><\/td>\n<\/tr>\n<tr style=\"height: 13px;\">\n<td style=\"width: 88px; height: 13px;\"><span style=\"color: #000000;\">MAT205<\/span><\/td>\n<td style=\"width: 403px; height: 13px;\"><span style=\"color: #000000;\">Pr\u00e1ctica docente II<\/span><\/td>\n<\/tr>\n<tr style=\"height: 13px;\">\n<td style=\"width: 88px; height: 13px;\"><span style=\"color: #000000;\">MAT206<\/span><\/td>\n<td style=\"width: 403px; height: 13px;\"><span style=\"color: #000000;\">Problem\u00e1tica de la probabilidad y la estad\u00edstica I<\/span><\/td>\n<\/tr>\n<tr style=\"height: 13px;\">\n<td style=\"width: 88px; height: 13px;\"><span style=\"color: #000000;\">MAT207<\/span><\/td>\n<td style=\"width: 403px; height: 13px;\"><span style=\"color: #000000;\">Problem\u00e1ticas de la geometr\u00eda II<\/span><\/td>\n<\/tr>\n<tr style=\"height: 13px;\">\n<td style=\"width: 88px; height: 13px;\"><span style=\"color: #000000;\">MAT208<\/span><\/td>\n<td style=\"width: 403px; height: 13px;\"><span style=\"color: #000000;\">Problem\u00e1ticas del algebra<\/span><\/td>\n<\/tr>\n<tr style=\"height: 13px;\">\n<td style=\"width: 88px; height: 13px;\"><span style=\"color: #000000;\">MAT209<\/span><\/td>\n<td style=\"width: 403px; height: 13px;\"><span style=\"color: #000000;\">Psicolog\u00eda educacional<\/span><\/td>\n<\/tr>\n<tr style=\"height: 13px;\">\n<td style=\"width: 88px; height: 13px;\"><span style=\"color: #000000;\">MAT210<\/span><\/td>\n<td style=\"width: 403px; height: 13px;\"><span style=\"color: #000000;\">Sujetos de la educaci\u00f3n secundaria<\/span><\/td>\n<\/tr>\n<tr style=\"height: 13px;\">\n<td style=\"width: 88px; height: 13px;\"><strong><span style=\"color: #000000;\">CODIGO<\/span><\/strong><\/td>\n<td style=\"width: 403px; height: 13px;\"><strong><span style=\"color: #000000;\">3\u00ba A\u00f1o<\/span><\/strong><\/td>\n<\/tr>\n<tr style=\"height: 13px;\">\n<td style=\"width: 88px; height: 13px;\"><span style=\"color: #000000;\">MAT301<\/span><\/td>\n<td style=\"width: 403px; height: 13px;\"><span style=\"color: #000000;\">An\u00e1lisis y organizaci\u00f3n de las instituciones educativas<\/span><\/td>\n<\/tr>\n<tr style=\"height: 13px;\">\n<td style=\"width: 88px; height: 13px;\"><span style=\"color: #000000;\">MAT302<\/span><\/td>\n<td style=\"width: 403px; height: 13px;\"><span style=\"color: #000000;\">Did\u00e1ctica de la matem\u00e1tica II<\/span><\/td>\n<\/tr>\n<tr style=\"height: 13px;\">\n<td style=\"width: 88px; height: 13px;\"><span style=\"color: #000000;\">MAT303<\/span><\/td>\n<td style=\"width: 403px; height: 13px;\"><span style=\"color: #000000;\">Epistemolog\u00eda de la matem\u00e1tica<\/span><\/td>\n<\/tr>\n<tr style=\"height: 13px;\">\n<td style=\"width: 88px; height: 13px;\"><span style=\"color: #000000;\">MAT304<\/span><\/td>\n<td style=\"width: 403px; height: 13px;\"><span style=\"color: #000000;\">Historia de la educaci\u00f3n argentina<\/span><\/td>\n<\/tr>\n<tr style=\"height: 13px;\">\n<td style=\"width: 88px; height: 13px;\"><span style=\"color: #000000;\">MAT305<\/span><\/td>\n<td style=\"width: 403px; height: 13px;\"><span style=\"color: #000000;\">Pr\u00e1ctica docente III<\/span><\/td>\n<\/tr>\n<tr style=\"height: 13px;\">\n<td style=\"width: 88px; height: 13px;\"><span style=\"color: #000000;\">MAT306<\/span><\/td>\n<td style=\"width: 403px; height: 13px;\"><span style=\"color: #000000;\">Problem\u00e1tica de la probabilidad y la estad\u00edstica II<\/span><\/td>\n<\/tr>\n<tr style=\"height: 13px;\">\n<td style=\"width: 88px; height: 13px;\"><span style=\"color: #000000;\">MAT307<\/span><\/td>\n<td style=\"width: 403px; height: 13px;\"><span style=\"color: #000000;\">Problem\u00e1tica del an\u00e1lisis matem\u00e1tico II<\/span><\/td>\n<\/tr>\n<tr style=\"height: 13px;\">\n<td style=\"width: 88px; height: 13px;\"><span style=\"color: #000000;\">MAT308<\/span><\/td>\n<td style=\"width: 403px; height: 13px;\"><span style=\"color: #000000;\">Problem\u00e1ticas de la geometr\u00eda III<\/span><\/td>\n<\/tr>\n<tr style=\"height: 13px;\">\n<td style=\"width: 88px; height: 13px;\"><span style=\"color: #000000;\">MAT309<\/span><\/td>\n<td style=\"width: 403px; height: 13px;\"><span style=\"color: #000000;\">Sociolog\u00eda de la educaci\u00f3n<\/span><\/td>\n<\/tr>\n<tr style=\"height: 13px;\">\n<td style=\"width: 88px; height: 13px;\"><span style=\"color: #000000;\">MAT310<\/span><\/td>\n<td style=\"width: 403px; height: 13px;\"><span style=\"color: #000000;\">UDI:<\/span><\/td>\n<\/tr>\n<tr style=\"height: 13px;\">\n<td style=\"width: 88px; height: 13px;\"><strong><span style=\"color: #000000;\">CODIGO<\/span><\/strong><\/td>\n<td style=\"width: 403px; height: 13px;\"><strong><span style=\"color: #000000;\">4\u00ba A\u00f1o<\/span><\/strong><\/td>\n<\/tr>\n<tr style=\"height: 13px;\">\n<td style=\"width: 88px; height: 13px;\"><span style=\"color: #000000;\">MAT401<\/span><\/td>\n<td style=\"width: 403px; height: 13px;\"><span style=\"color: #000000;\">Derechos humanos<\/span><\/td>\n<\/tr>\n<tr style=\"height: 13px;\">\n<td style=\"width: 88px; height: 13px;\"><span style=\"color: #000000;\">MAT402<\/span><\/td>\n<td style=\"width: 403px; height: 13px;\"><span style=\"color: #000000;\">Modelizaci\u00f3n matem\u00e1tica de las ciencias<\/span><\/td>\n<\/tr>\n<tr style=\"height: 13px;\">\n<td style=\"width: 88px; height: 13px;\"><span style=\"color: #000000;\">MAT403<\/span><\/td>\n<td style=\"width: 403px; height: 13px;\"><span style=\"color: #000000;\">Pr\u00e1ctica docente IV<\/span><\/td>\n<\/tr>\n<tr style=\"height: 13px;\">\n<td style=\"width: 88px; height: 13px;\"><span style=\"color: #000000;\">MAT404<\/span><\/td>\n<td style=\"width: 403px; height: 13px;\"><span style=\"color: #000000;\">Problem\u00e1tica del an\u00e1lisis matem\u00e1tico III<\/span><\/td>\n<\/tr>\n<tr style=\"height: 13px;\">\n<td style=\"width: 88px; height: 13px;\"><span style=\"color: #000000;\">MAT405<\/span><\/td>\n<td style=\"width: 403px; height: 13px;\"><span style=\"color: #000000;\">Problem\u00e1ticas de la geometr\u00eda IV<\/span><\/td>\n<\/tr>\n<tr style=\"height: 13px;\">\n<td style=\"width: 88px; height: 13px;\"><span style=\"color: #000000;\">MAT406<\/span><\/td>\n<td style=\"width: 403px; height: 13px;\"><span style=\"color: #000000;\">Problem\u00e1ticas del algebra II<\/span><\/td>\n<\/tr>\n<tr style=\"height: 13px;\">\n<td style=\"width: 88px; height: 13px;\"><span style=\"color: #000000;\">MAT407<\/span><\/td>\n<td style=\"width: 403px; height: 13px;\"><span style=\"color: #000000;\">UDI:\u00a0<\/span><\/td>\n<\/tr>\n<\/tbody>\n<\/table>","protected":false},"excerpt":{"rendered":"<p>Resoluci\u00f3n 764\/14 CGE CODIGO 1\u00ba A\u00f1o MAT101 Corporeidad, juego y lenguajes art\u00edsticos MAT102 Did\u00e1ctica general MAT103 Elementos de matem\u00e1tica\u00a0 MAT104 Oralidad, lectura, escritura y TIC MAT105 Pedagog\u00eda MAT106 Pr\u00e1ctica docente I MAT107 Problem\u00e1tica de la geometr\u00eda I MAT108 Problem\u00e1tica del an\u00e1lisis matem\u00e1tico I MAT109 Resoluciones de problemas y TIC CODIGO 2\u00ba A\u00f1o MAT201 Did\u00e1ctica de &#8230; <a title=\"Plan de Estudios del Profesorado de Educaci\u00f3n Secundaria en Matem\u00e1tica\" class=\"read-more\" href=\"https:\/\/isptconcordia-ers.infd.edu.ar\/sitio\/plan-de-estudios-4\/\" aria-label=\"More on Plan de Estudios del Profesorado de Educaci\u00f3n Secundaria en Matem\u00e1tica\">[+]<\/a><\/p>\n","protected":false},"author":1033,"featured_media":0,"parent":0,"menu_order":0,"comment_status":"closed","ping_status":"closed","template":"","meta":[],"acf":[],"_links":{"self":[{"href":"https:\/\/isptconcordia-ers.infd.edu.ar\/sitio\/wp-json\/wp\/v2\/pages\/871"}],"collection":[{"href":"https:\/\/isptconcordia-ers.infd.edu.ar\/sitio\/wp-json\/wp\/v2\/pages"}],"about":[{"href":"https:\/\/isptconcordia-ers.infd.edu.ar\/sitio\/wp-json\/wp\/v2\/types\/page"}],"author":[{"embeddable":true,"href":"https:\/\/isptconcordia-ers.infd.edu.ar\/sitio\/wp-json\/wp\/v2\/users\/1033"}],"replies":[{"embeddable":true,"href":"https:\/\/isptconcordia-ers.infd.edu.ar\/sitio\/wp-json\/wp\/v2\/comments?post=871"}],"version-history":[{"count":1,"href":"https:\/\/isptconcordia-ers.infd.edu.ar\/sitio\/wp-json\/wp\/v2\/pages\/871\/revisions"}],"predecessor-version":[{"id":1931,"href":"https:\/\/isptconcordia-ers.infd.edu.ar\/sitio\/wp-json\/wp\/v2\/pages\/871\/revisions\/1931"}],"wp:attachment":[{"href":"https:\/\/isptconcordia-ers.infd.edu.ar\/sitio\/wp-json\/wp\/v2\/media?parent=871"}],"curies":[{"name":"wp","href":"https:\/\/api.w.org\/{rel}","templated":true}]}}