{"id":867,"date":"2018-06-28T17:05:35","date_gmt":"2018-06-28T20:05:35","guid":{"rendered":"https:\/\/isptconcordia-ers.infd.edu.ar\/sitio\/personal-de-gestion-y-administracion\/"},"modified":"2025-03-06T18:02:17","modified_gmt":"2025-03-06T21:02:17","slug":"personal-de-gestion-y-administracion","status":"publish","type":"page","link":"https:\/\/isptconcordia-ers.infd.edu.ar\/sitio\/personal-de-gestion-y-administracion\/","title":{"rendered":"Personal de Gesti\u00f3n y Administraci\u00f3n"},"content":{"rendered":"<p><strong style=\"color: #333399; font-size: 12pt;\">PERSONAL DE GESTI\u00d3N Y ADMINISTRACI\u00d3N INSTITUCIONAL<\/strong><\/p>\n<ul>\n<li><span style=\"color: #000080; font-size: 12pt;\"><span style=\"text-decoration: underline;\">Preceptor de Biolog\u00eda y Qu\u00edmica:<\/span> Prof. Esperanza Sandri<\/span><\/li>\n<li><span style=\"color: #000080; font-size: 12pt;\"><span style=\"text-decoration: underline;\">Preceptor de Matem\u00e1tica<\/span>: Prof. Shirley Wilson<\/span><\/li>\n<li><span style=\"color: #000080; font-size: 12pt;\"><span style=\"text-decoration: underline;\">Preceptor de F\u00edsica y Tecnolog\u00eda<\/span>: Prof. Carlos Isla<\/span><\/li>\n<li><span style=\"color: #000080; font-size: 12pt;\"><span style=\"text-decoration: underline;\">Bibliotecario<\/span>: Bibliotec\u00f3loga Mar\u00eda Esperanza Panozzo<\/span><\/li>\n<li><span style=\"color: #000080; font-size: 12pt;\" data-mce-mark=\"1\"><span style=\"text-decoration: underline;\" data-mce-mark=\"1\">Referente T\u00e9cnico y Webmaster<\/span>: Lic. Jos\u00e9 Luis Nieto<\/span><\/li>\n<li><span style=\"color: #000080; font-size: 12pt;\"><span style=\"text-decoration: underline;\" data-mce-mark=\"1\">Personal de Maestranza:<\/span> Hector Casimiliano<\/span><\/li>\n<\/ul>\n","protected":false},"excerpt":{"rendered":"<p>PERSONAL DE GESTI\u00d3N Y ADMINISTRACI\u00d3N INSTITUCIONAL Preceptor de Biolog\u00eda y Qu\u00edmica: Prof. Esperanza Sandri Preceptor de Matem\u00e1tica: Prof. Shirley Wilson Preceptor de F\u00edsica y Tecnolog\u00eda: Prof. Carlos Isla Bibliotecario: Bibliotec\u00f3loga Mar\u00eda Esperanza Panozzo Referente T\u00e9cnico y Webmaster: Lic. Jos\u00e9 Luis Nieto Personal de Maestranza: Hector Casimiliano<\/p>\n","protected":false},"author":1033,"featured_media":0,"parent":0,"menu_order":0,"comment_status":"closed","ping_status":"closed","template":"","meta":[],"acf":[],"_links":{"self":[{"href":"https:\/\/isptconcordia-ers.infd.edu.ar\/sitio\/wp-json\/wp\/v2\/pages\/867"}],"collection":[{"href":"https:\/\/isptconcordia-ers.infd.edu.ar\/sitio\/wp-json\/wp\/v2\/pages"}],"about":[{"href":"https:\/\/isptconcordia-ers.infd.edu.ar\/sitio\/wp-json\/wp\/v2\/types\/page"}],"author":[{"embeddable":true,"href":"https:\/\/isptconcordia-ers.infd.edu.ar\/sitio\/wp-json\/wp\/v2\/users\/1033"}],"replies":[{"embeddable":true,"href":"https:\/\/isptconcordia-ers.infd.edu.ar\/sitio\/wp-json\/wp\/v2\/comments?post=867"}],"version-history":[{"count":5,"href":"https:\/\/isptconcordia-ers.infd.edu.ar\/sitio\/wp-json\/wp\/v2\/pages\/867\/revisions"}],"predecessor-version":[{"id":1963,"href":"https:\/\/isptconcordia-ers.infd.edu.ar\/sitio\/wp-json\/wp\/v2\/pages\/867\/revisions\/1963"}],"wp:attachment":[{"href":"https:\/\/isptconcordia-ers.infd.edu.ar\/sitio\/wp-json\/wp\/v2\/media?parent=867"}],"curies":[{"name":"wp","href":"https:\/\/api.w.org\/{rel}","templated":true}]}}