{"id":865,"date":"2018-06-28T17:05:35","date_gmt":"2018-06-28T20:05:35","guid":{"rendered":"https:\/\/isptconcordia-ers.infd.edu.ar\/sitio\/plan-de-estudios-2\/"},"modified":"2024-09-16T18:32:32","modified_gmt":"2024-09-16T21:32:32","slug":"plan-de-estudios-2","status":"publish","type":"page","link":"https:\/\/isptconcordia-ers.infd.edu.ar\/sitio\/plan-de-estudios-2\/","title":{"rendered":"Plan de Estudios del Profesorado de Educaci\u00f3n Secundaria en F\u00edsica"},"content":{"rendered":"\n<p><strong><a href=\"https:\/\/des-ers.infd.edu.ar\/sitio\/wp-admin\/upload\/0758-14_CGE_Dise%F1o_Curricular_Profesorado_de_Educ._Sec._en_F%EDsica.pdf\">Resoluci\u00f3n 758\/14 CGE<\/a><\/strong><\/p>\n\n\n<table style=\"width: 493px;\" border=\"0\">\n<tbody>\n<tr style=\"height: 13px;\">\n<td style=\"height: 13px; width: 87px;\"><strong><span style=\"color: #000000;\">CODIGO<\/span><\/strong><\/td>\n<td style=\"height: 13px; width: 394px;\"><strong><span style=\"color: #000000;\">1\u00ba A\u00f1o<\/span><\/strong><\/td>\n<\/tr>\n<tr style=\"height: 13px;\">\n<td style=\"height: 13px; width: 87px;\"><span style=\"color: #000000;\">FIS101<\/span><\/td>\n<td style=\"height: 13px; width: 394px;\"><span style=\"color: #000000;\">Biolog\u00eda<\/span><\/td>\n<\/tr>\n<tr style=\"height: 13px;\">\n<td style=\"height: 13px; width: 87px;\"><span style=\"color: #000000;\">FIS102<\/span><\/td>\n<td style=\"height: 13px; width: 394px;\"><span style=\"color: #000000;\">Ciencias de la tierra<\/span><\/td>\n<\/tr>\n<tr style=\"height: 13px;\">\n<td style=\"height: 13px; width: 87px;\"><span style=\"color: #000000;\">FIS103<\/span><\/td>\n<td style=\"height: 13px; width: 394px;\"><span style=\"color: #000000;\">Corporeidad, juego y lenguajes art\u00edsticos<\/span><\/td>\n<\/tr>\n<tr style=\"height: 13px;\">\n<td style=\"height: 13px; width: 87px;\"><span style=\"color: #000000;\">FIS104<\/span><\/td>\n<td style=\"height: 13px; width: 394px;\"><span style=\"color: #000000;\">Did\u00e1ctica general<\/span><\/td>\n<\/tr>\n<tr style=\"height: 13px;\">\n<td style=\"height: 13px; width: 87px;\"><span style=\"color: #000000;\">FIS105<\/span><\/td>\n<td style=\"height: 13px; width: 394px;\"><span style=\"color: #000000;\">Fen\u00f3menos mec\u00e1nicos I<\/span><\/td>\n<\/tr>\n<tr style=\"height: 13px;\">\n<td style=\"height: 13px; width: 87px;\"><span style=\"color: #000000;\">FIS106<\/span><\/td>\n<td style=\"height: 13px; width: 394px;\"><span style=\"color: #000000;\">Fundamentos de la f\u00edsica qu\u00edmica<\/span><\/td>\n<\/tr>\n<tr style=\"height: 13px;\">\n<td style=\"height: 13px; width: 87px;\"><span style=\"color: #000000;\">FIS107<\/span><\/td>\n<td style=\"height: 13px; width: 394px;\"><span style=\"color: #000000;\">Matem\u00e1tica I<\/span><\/td>\n<\/tr>\n<tr style=\"height: 13px;\">\n<td style=\"height: 13px; width: 87px;\"><span style=\"color: #000000;\">FIS108<\/span><\/td>\n<td style=\"height: 13px; width: 394px;\"><span style=\"color: #000000;\">Oralidad, lectura, escritura y TIC<\/span><\/td>\n<\/tr>\n<tr style=\"height: 13px;\">\n<td style=\"height: 13px; width: 87px;\"><span style=\"color: #000000;\">FIS109<\/span><\/td>\n<td style=\"height: 13px; width: 394px;\"><span style=\"color: #000000;\">Pedagog\u00eda<\/span><\/td>\n<\/tr>\n<tr style=\"height: 13px;\">\n<td style=\"height: 13px; width: 87px;\"><span style=\"color: #000000;\">FIS110<\/span><\/td>\n<td style=\"height: 13px; width: 394px;\"><span style=\"color: #000000;\">Pr\u00e1ctica docente I<\/span><\/td>\n<\/tr>\n<tr style=\"height: 13px;\">\n<td style=\"height: 13px; width: 87px;\"><strong><span style=\"color: #000000;\">CODIGO<\/span><\/strong><\/td>\n<td style=\"height: 13px; width: 394px;\"><strong><span style=\"color: #000000;\">2\u00ba A\u00f1o<\/span><\/strong><\/td>\n<\/tr>\n<tr style=\"height: 13px;\">\n<td style=\"height: 13px; width: 87px;\"><span style=\"color: #000000;\">FIS201<\/span><\/td>\n<td style=\"height: 13px; width: 394px;\"><span style=\"color: #000000;\">Did\u00e1ctica de las ciencias naturales<\/span><\/td>\n<\/tr>\n<tr style=\"height: 13px;\">\n<td style=\"height: 13px; width: 87px;\"><span style=\"color: #000000;\">FIS202<\/span><\/td>\n<td style=\"height: 13px; width: 394px;\"><span style=\"color: #000000;\">Educaci\u00f3n sexual integral<\/span><\/td>\n<\/tr>\n<tr style=\"height: 13px;\">\n<td style=\"height: 13px; width: 87px;\"><span style=\"color: #000000;\">FIS203<\/span><\/td>\n<td style=\"height: 13px; width: 394px;\"><span style=\"color: #000000;\">Fen\u00f3menos mec\u00e1nicos II<\/span><\/td>\n<\/tr>\n<tr style=\"height: 13px;\">\n<td style=\"height: 13px; width: 87px;\"><span style=\"color: #000000;\">FIS204<\/span><\/td>\n<td style=\"height: 13px; width: 394px;\"><span style=\"color: #000000;\">Fen\u00f3menos termodin\u00e1micos<\/span><\/td>\n<\/tr>\n<tr style=\"height: 13px;\">\n<td style=\"height: 13px; width: 87px;\"><span style=\"color: #000000;\">FIS205<\/span><\/td>\n<td style=\"height: 13px; width: 394px;\"><span style=\"color: #000000;\">Filosof\u00eda<\/span><\/td>\n<\/tr>\n<tr style=\"height: 13px;\">\n<td style=\"height: 13px; width: 87px;\"><span style=\"color: #000000;\">FIS206<\/span><\/td>\n<td style=\"height: 13px; width: 394px;\"><span style=\"color: #000000;\">Historia social y pol\u00edtica argentina y latinoamericana<\/span><\/td>\n<\/tr>\n<tr style=\"height: 13px;\">\n<td style=\"height: 13px; width: 87px;\"><span style=\"color: #000000;\">FIS207<\/span><\/td>\n<td style=\"height: 13px; width: 394px;\"><span style=\"color: #000000;\">Matem\u00e1tica II<\/span><\/td>\n<\/tr>\n<tr style=\"height: 13px;\">\n<td style=\"height: 13px; width: 87px;\"><span style=\"color: #000000;\">FIS208<\/span><\/td>\n<td style=\"height: 13px; width: 394px;\"><span style=\"color: #000000;\">Pr\u00e1ctica docente II<\/span><\/td>\n<\/tr>\n<tr style=\"height: 13px;\">\n<td style=\"height: 13px; width: 87px;\"><span style=\"color: #000000;\">FIS209<\/span><\/td>\n<td style=\"height: 13px; width: 394px;\"><span style=\"color: #000000;\">Proyecto institucional<\/span><\/td>\n<\/tr>\n<tr style=\"height: 13px;\">\n<td style=\"height: 13px; width: 87px;\"><span style=\"color: #000000;\">FIS210<\/span><\/td>\n<td style=\"height: 13px; width: 394px;\"><span style=\"color: #000000;\">Psicolog\u00eda educacional<\/span><\/td>\n<\/tr>\n<tr style=\"height: 13px;\">\n<td style=\"height: 13px; width: 87px;\"><span style=\"color: #000000;\">FIS211<\/span><\/td>\n<td style=\"height: 13px; width: 394px;\"><span style=\"color: #000000;\">Sujetos de la educaci\u00f3n secundaria<\/span><\/td>\n<\/tr>\n<tr style=\"height: 13px;\">\n<td style=\"height: 13px; width: 87px;\"><strong><span style=\"color: #000000;\">CODIGO<\/span><\/strong><\/td>\n<td style=\"height: 13px; width: 394px;\"><strong><span style=\"color: #000000;\">3\u00ba A\u00f1o<\/span><\/strong><\/td>\n<\/tr>\n<tr style=\"height: 13px;\">\n<td style=\"height: 13px; width: 87px;\"><span style=\"color: #000000;\">FIS301<\/span><\/td>\n<td style=\"height: 13px; width: 394px;\"><span style=\"color: #000000;\">An\u00e1lisis y organizaci\u00f3n de las instituciones educativas<\/span><\/td>\n<\/tr>\n<tr style=\"height: 13px;\">\n<td style=\"height: 13px; width: 87px;\"><span style=\"color: #000000;\">FIS302<\/span><\/td>\n<td style=\"height: 13px; width: 394px;\"><span style=\"color: #000000;\">Epistemolog\u00eda de la f\u00edsica<\/span><\/td>\n<\/tr>\n<tr style=\"height: 13px;\">\n<td style=\"height: 13px; width: 87px;\"><span style=\"color: #000000;\">FIS303<\/span><\/td>\n<td style=\"height: 13px; width: 394px;\"><span style=\"color: #000000;\">Fen\u00f3menos el\u00e9ctricos y magn\u00e9ticos<\/span><\/td>\n<\/tr>\n<tr style=\"height: 13px;\">\n<td style=\"height: 13px; width: 87px;\"><span style=\"color: #000000;\">FIS304<\/span><\/td>\n<td style=\"height: 13px; width: 394px;\"><span style=\"color: #000000;\">Fen\u00f3menos ondulatorios<\/span><\/td>\n<\/tr>\n<tr style=\"height: 13px;\">\n<td style=\"height: 13px; width: 87px;\"><span style=\"color: #000000;\">FIS305<\/span><\/td>\n<td style=\"height: 13px; width: 394px;\"><span style=\"color: #000000;\">Historia de la educaci\u00f3n argentina<\/span><\/td>\n<\/tr>\n<tr style=\"height: 13px;\">\n<td style=\"height: 13px; width: 87px;\"><span style=\"color: #000000;\">FIS306<\/span><\/td>\n<td style=\"height: 13px; width: 394px;\"><span style=\"color: #000000;\">Pr\u00e1ctica docente III<\/span><\/td>\n<\/tr>\n<tr style=\"height: 13px;\">\n<td style=\"height: 13px; width: 87px;\"><span style=\"color: #000000;\">FIS307<\/span><\/td>\n<td style=\"height: 13px; width: 394px;\"><span style=\"color: #000000;\">Sociolog\u00eda de la educaci\u00f3n<\/span><\/td>\n<\/tr>\n<tr style=\"height: 13px;\">\n<td style=\"height: 13px; width: 87px;\"><span style=\"color: #000000;\">FIS308<\/span><\/td>\n<td style=\"height: 13px; width: 394px;\"><span style=\"color: #000000;\">UDI: Pr\u00e1ctica de laboratorio<\/span><\/td>\n<\/tr>\n<tr style=\"height: 13px;\">\n<td style=\"height: 13px; width: 87px;\"><strong><span style=\"color: #000000;\">CODIGO<\/span><\/strong><\/td>\n<td style=\"height: 13px; width: 394px;\"><strong><span style=\"color: #000000;\">4\u00ba A\u00f1o<\/span><\/strong><\/td>\n<\/tr>\n<tr style=\"height: 13px;\">\n<td style=\"height: 13px; width: 87px;\"><span style=\"color: #000000;\">FIS401<\/span><\/td>\n<td style=\"height: 13px; width: 394px;\"><span style=\"color: #000000;\">Astrof\u00edsica<\/span><\/td>\n<\/tr>\n<tr style=\"height: 13px;\">\n<td style=\"height: 13px; width: 87px;\"><span style=\"color: #000000;\">FIS402<\/span><\/td>\n<td style=\"height: 13px; width: 394px;\"><span style=\"color: #000000;\">Derechos humanos<\/span><\/td>\n<\/tr>\n<tr style=\"height: 13px;\">\n<td style=\"height: 13px; width: 87px;\"><span style=\"color: #000000;\">FIS403<\/span><\/td>\n<td style=\"height: 13px; width: 394px;\"><span style=\"color: #000000;\">Elementos de f\u00edsica cu\u00e1ntica y relatividad<\/span><\/td>\n<\/tr>\n<tr style=\"height: 13px;\">\n<td style=\"height: 13px; width: 87px;\"><span style=\"color: #000000;\">FIS404<\/span><\/td>\n<td style=\"height: 13px; width: 394px;\"><span style=\"color: #000000;\">Elementos de la f\u00edsica at\u00f3mica<\/span><\/td>\n<\/tr>\n<tr style=\"height: 13px;\">\n<td style=\"height: 13px; width: 87px;\"><span style=\"color: #000000;\">FIS405<\/span><\/td>\n<td style=\"height: 13px; width: 394px;\"><span style=\"color: #000000;\">Pr\u00e1ctica docente IV<\/span><\/td>\n<\/tr>\n<tr style=\"height: 13px;\">\n<td style=\"height: 13px; width: 87px;\"><span style=\"color: #000000;\">FIS406<\/span><\/td>\n<td style=\"height: 13px; width: 394px;\"><span style=\"color: #000000;\">Problem\u00e1ticas actuales de la f\u00edsica<\/span><\/td>\n<\/tr>\n<tr style=\"height: 13px;\">\n<td style=\"height: 13px; width: 87px;\"><span style=\"color: #000000;\">FIS407<\/span><\/td>\n<td style=\"height: 13px; width: 394px;\"><span style=\"color: #000000;\">Producci\u00f3n cient\u00edfica y sociedad<\/span><\/td>\n<\/tr>\n<tr style=\"height: 13px;\">\n<td style=\"height: 13px; width: 87px;\"><span style=\"color: #000000;\">FIS408<\/span><\/td>\n<td style=\"height: 13px; width: 394px;\"><span style=\"color: #000000;\">UDI: Pr\u00e1ctica de Laboratorio<\/span><\/td>\n<\/tr>\n<\/tbody>\n<\/table>","protected":false},"excerpt":{"rendered":"<p>Resoluci\u00f3n 758\/14 CGE CODIGO 1\u00ba A\u00f1o FIS101 Biolog\u00eda FIS102 Ciencias de la tierra FIS103 Corporeidad, juego y lenguajes art\u00edsticos FIS104 Did\u00e1ctica general FIS105 Fen\u00f3menos mec\u00e1nicos I FIS106 Fundamentos de la f\u00edsica qu\u00edmica FIS107 Matem\u00e1tica I FIS108 Oralidad, lectura, escritura y TIC FIS109 Pedagog\u00eda FIS110 Pr\u00e1ctica docente I CODIGO 2\u00ba A\u00f1o FIS201 Did\u00e1ctica de las ciencias &#8230; <a title=\"Plan de Estudios del Profesorado de Educaci\u00f3n Secundaria en F\u00edsica\" class=\"read-more\" href=\"https:\/\/isptconcordia-ers.infd.edu.ar\/sitio\/plan-de-estudios-2\/\" aria-label=\"More on Plan de Estudios del Profesorado de Educaci\u00f3n Secundaria en F\u00edsica\">[+]<\/a><\/p>\n","protected":false},"author":1033,"featured_media":0,"parent":0,"menu_order":0,"comment_status":"closed","ping_status":"closed","template":"","meta":[],"acf":[],"_links":{"self":[{"href":"https:\/\/isptconcordia-ers.infd.edu.ar\/sitio\/wp-json\/wp\/v2\/pages\/865"}],"collection":[{"href":"https:\/\/isptconcordia-ers.infd.edu.ar\/sitio\/wp-json\/wp\/v2\/pages"}],"about":[{"href":"https:\/\/isptconcordia-ers.infd.edu.ar\/sitio\/wp-json\/wp\/v2\/types\/page"}],"author":[{"embeddable":true,"href":"https:\/\/isptconcordia-ers.infd.edu.ar\/sitio\/wp-json\/wp\/v2\/users\/1033"}],"replies":[{"embeddable":true,"href":"https:\/\/isptconcordia-ers.infd.edu.ar\/sitio\/wp-json\/wp\/v2\/comments?post=865"}],"version-history":[{"count":3,"href":"https:\/\/isptconcordia-ers.infd.edu.ar\/sitio\/wp-json\/wp\/v2\/pages\/865\/revisions"}],"predecessor-version":[{"id":1929,"href":"https:\/\/isptconcordia-ers.infd.edu.ar\/sitio\/wp-json\/wp\/v2\/pages\/865\/revisions\/1929"}],"wp:attachment":[{"href":"https:\/\/isptconcordia-ers.infd.edu.ar\/sitio\/wp-json\/wp\/v2\/media?parent=865"}],"curies":[{"name":"wp","href":"https:\/\/api.w.org\/{rel}","templated":true}]}}