{"id":2745,"date":"2026-03-16T20:34:43","date_gmt":"2026-03-16T23:34:43","guid":{"rendered":"https:\/\/isptconcordia-ers.infd.edu.ar\/sitio\/?page_id=2745"},"modified":"2026-03-16T20:34:44","modified_gmt":"2026-03-16T23:34:44","slug":"matriculacion-2026","status":"publish","type":"page","link":"https:\/\/isptconcordia-ers.infd.edu.ar\/sitio\/matriculacion-2026\/","title":{"rendered":"Matriculaci\u00f3n 2026"},"content":{"rendered":"\n<p>Todos los cursos de 2\u00b0 a 4\u00b0 a\u00f1o de todas las carreras deben presentar la planilla de matriculaci\u00f3n 2026 &#8211; Recursantes- Alumno especial en Preceptor\u00eda<\/p>\n\n\n\n<div class=\"wp-block-file\"><object class=\"wp-block-file__embed\" data=\"https:\/\/isptconcordia-ers.infd.edu.ar\/sitio\/wp-content\/uploads\/2026\/03\/Formulario-editable-Re-Inscripcion-2\u00b0-a-4\u00b0ano.pdf\" type=\"application\/pdf\" style=\"width:100%;height:441px\" aria-label=\"Incrustado de Formulario-editable-Re-Inscripcion-2\u00b0-a-4\u00b0ano.\"><\/object><a id=\"wp-block-file--media-3ccb6b75-4d69-4245-b7f8-be5b8e0812e7\" href=\"https:\/\/isptconcordia-ers.infd.edu.ar\/sitio\/wp-content\/uploads\/2026\/03\/Formulario-editable-Re-Inscripcion-2\u00b0-a-4\u00b0ano.pdf\" target=\"_blank\" rel=\"noreferrer noopener\">Formulario-editable-Re-Inscripcion-2\u00b0-a-4\u00b0ano<\/a><a href=\"https:\/\/isptconcordia-ers.infd.edu.ar\/sitio\/wp-content\/uploads\/2026\/03\/Formulario-editable-Re-Inscripcion-2\u00b0-a-4\u00b0ano.pdf\" class=\"wp-block-file__button wp-element-button\" download aria-describedby=\"wp-block-file--media-3ccb6b75-4d69-4245-b7f8-be5b8e0812e7\">Descarga<\/a><\/div>\n","protected":false},"excerpt":{"rendered":"<p>Todos los cursos de 2\u00b0 a 4\u00b0 a\u00f1o de todas las carreras deben presentar la planilla de matriculaci\u00f3n 2026 &#8211; Recursantes- Alumno especial en Preceptor\u00eda<\/p>\n","protected":false},"author":77,"featured_media":0,"parent":0,"menu_order":0,"comment_status":"closed","ping_status":"closed","template":"","meta":[],"acf":[],"_links":{"self":[{"href":"https:\/\/isptconcordia-ers.infd.edu.ar\/sitio\/wp-json\/wp\/v2\/pages\/2745"}],"collection":[{"href":"https:\/\/isptconcordia-ers.infd.edu.ar\/sitio\/wp-json\/wp\/v2\/pages"}],"about":[{"href":"https:\/\/isptconcordia-ers.infd.edu.ar\/sitio\/wp-json\/wp\/v2\/types\/page"}],"author":[{"embeddable":true,"href":"https:\/\/isptconcordia-ers.infd.edu.ar\/sitio\/wp-json\/wp\/v2\/users\/77"}],"replies":[{"embeddable":true,"href":"https:\/\/isptconcordia-ers.infd.edu.ar\/sitio\/wp-json\/wp\/v2\/comments?post=2745"}],"version-history":[{"count":1,"href":"https:\/\/isptconcordia-ers.infd.edu.ar\/sitio\/wp-json\/wp\/v2\/pages\/2745\/revisions"}],"predecessor-version":[{"id":2748,"href":"https:\/\/isptconcordia-ers.infd.edu.ar\/sitio\/wp-json\/wp\/v2\/pages\/2745\/revisions\/2748"}],"wp:attachment":[{"href":"https:\/\/isptconcordia-ers.infd.edu.ar\/sitio\/wp-json\/wp\/v2\/media?parent=2745"}],"curies":[{"name":"wp","href":"https:\/\/api.w.org\/{rel}","templated":true}]}}