{"id":2732,"date":"2026-03-14T12:29:42","date_gmt":"2026-03-14T15:29:42","guid":{"rendered":"https:\/\/isptconcordia-ers.infd.edu.ar\/sitio\/?page_id=2732"},"modified":"2026-03-14T12:29:43","modified_gmt":"2026-03-14T15:29:43","slug":"documentos-institucionales","status":"publish","type":"page","link":"https:\/\/isptconcordia-ers.infd.edu.ar\/sitio\/documentos-institucionales\/","title":{"rendered":"Documentos Institucionales"},"content":{"rendered":"\n<p><\/p>\n\n\n\n<p class=\"web has-accent-color has-text-color\">Proyecto Fomativo Institucional 2026<\/p>\n\n\n\n<p>Proyecto Formaci\u00f3n Institucional 2025<\/p>\n\n\n\n<p>R\u00e9gimen Acad\u00e9mico Institucional<\/p>\n\n\n\n<p>R\u00e9gimen Org\u00e1nico Institucional<\/p>\n\n\n\n<p>Acuerdo de Convivencia <\/p>\n\n\n\n<p>Protocolos para uso de la Inteligencia Artificial<\/p>\n\n\n\n<p>Plan de Modalidad h\u00edbrida<\/p>\n\n\n\n<p>Plan de Emergencia de Evacuaci\u00f3n<\/p>\n","protected":false},"excerpt":{"rendered":"<p>Proyecto Fomativo Institucional 2026 Proyecto Formaci\u00f3n Institucional 2025 R\u00e9gimen Acad\u00e9mico Institucional R\u00e9gimen Org\u00e1nico Institucional Acuerdo de Convivencia Protocolos para uso de la Inteligencia Artificial Plan de Modalidad h\u00edbrida Plan de Emergencia de Evacuaci\u00f3n<\/p>\n","protected":false},"author":77,"featured_media":0,"parent":0,"menu_order":0,"comment_status":"closed","ping_status":"closed","template":"","meta":[],"acf":[],"_links":{"self":[{"href":"https:\/\/isptconcordia-ers.infd.edu.ar\/sitio\/wp-json\/wp\/v2\/pages\/2732"}],"collection":[{"href":"https:\/\/isptconcordia-ers.infd.edu.ar\/sitio\/wp-json\/wp\/v2\/pages"}],"about":[{"href":"https:\/\/isptconcordia-ers.infd.edu.ar\/sitio\/wp-json\/wp\/v2\/types\/page"}],"author":[{"embeddable":true,"href":"https:\/\/isptconcordia-ers.infd.edu.ar\/sitio\/wp-json\/wp\/v2\/users\/77"}],"replies":[{"embeddable":true,"href":"https:\/\/isptconcordia-ers.infd.edu.ar\/sitio\/wp-json\/wp\/v2\/comments?post=2732"}],"version-history":[{"count":1,"href":"https:\/\/isptconcordia-ers.infd.edu.ar\/sitio\/wp-json\/wp\/v2\/pages\/2732\/revisions"}],"predecessor-version":[{"id":2734,"href":"https:\/\/isptconcordia-ers.infd.edu.ar\/sitio\/wp-json\/wp\/v2\/pages\/2732\/revisions\/2734"}],"wp:attachment":[{"href":"https:\/\/isptconcordia-ers.infd.edu.ar\/sitio\/wp-json\/wp\/v2\/media?parent=2732"}],"curies":[{"name":"wp","href":"https:\/\/api.w.org\/{rel}","templated":true}]}}