{"id":2146,"date":"2025-06-12T12:02:36","date_gmt":"2025-06-12T15:02:36","guid":{"rendered":"https:\/\/isptconcordia-ers.infd.edu.ar\/sitio\/?page_id=2146"},"modified":"2025-06-12T12:02:38","modified_gmt":"2025-06-12T15:02:38","slug":"consejo-directivo-institucional","status":"publish","type":"page","link":"https:\/\/isptconcordia-ers.infd.edu.ar\/sitio\/consejo-directivo-institucional\/","title":{"rendered":"Consejo Directivo Institucional"},"content":{"rendered":"\n<p class=\"has-base-2-color has-text-color has-background\" style=\"background:radial-gradient(rgba(6,147,227,1) 0%,rgb(155,81,224) 100%)\">Estamento Docente<\/p>\n\n\n\n<p>Prof. Patricia Gomez ( Profesorado en Ed. Sec. de Matem\u00e1tica)<\/p>\n\n\n\n<p>Prof. Cristian Vecchietti (Profesorado de Ed. Sec. en F\u00edsica)<\/p>\n\n\n\n<p>Prof. Julia Fochessatto (Profesorado de Ed. Sec. en Qu\u00edmica)<\/p>\n\n\n\n<p>Prof. Carola Schneider (Profesorado de Ed. Sec. en Biolog\u00eda)<\/p>\n\n\n\n<p>Prof. Silvia Bogado (Profesodo de Educaci\u00f3n Tecnol\u00f3gica)<\/p>\n\n\n\n<p class=\"has-electric-grass-gradient-background has-background\">Estamento Estudiantil<\/p>\n\n\n\n<p>Quintana Franco<\/p>\n\n\n\n<p>Sandri Ailen<\/p>\n","protected":false},"excerpt":{"rendered":"<p>Estamento Docente Prof. Patricia Gomez ( Profesorado en Ed. Sec. de Matem\u00e1tica) Prof. Cristian Vecchietti (Profesorado de Ed. Sec. en F\u00edsica) Prof. Julia Fochessatto (Profesorado de Ed. Sec. en Qu\u00edmica) Prof. Carola Schneider (Profesorado de Ed. Sec. en Biolog\u00eda) Prof. Silvia Bogado (Profesodo de Educaci\u00f3n Tecnol\u00f3gica) Estamento Estudiantil Quintana Franco Sandri Ailen<\/p>\n","protected":false},"author":77,"featured_media":0,"parent":0,"menu_order":0,"comment_status":"closed","ping_status":"closed","template":"","meta":[],"acf":[],"_links":{"self":[{"href":"https:\/\/isptconcordia-ers.infd.edu.ar\/sitio\/wp-json\/wp\/v2\/pages\/2146"}],"collection":[{"href":"https:\/\/isptconcordia-ers.infd.edu.ar\/sitio\/wp-json\/wp\/v2\/pages"}],"about":[{"href":"https:\/\/isptconcordia-ers.infd.edu.ar\/sitio\/wp-json\/wp\/v2\/types\/page"}],"author":[{"embeddable":true,"href":"https:\/\/isptconcordia-ers.infd.edu.ar\/sitio\/wp-json\/wp\/v2\/users\/77"}],"replies":[{"embeddable":true,"href":"https:\/\/isptconcordia-ers.infd.edu.ar\/sitio\/wp-json\/wp\/v2\/comments?post=2146"}],"version-history":[{"count":2,"href":"https:\/\/isptconcordia-ers.infd.edu.ar\/sitio\/wp-json\/wp\/v2\/pages\/2146\/revisions"}],"predecessor-version":[{"id":2149,"href":"https:\/\/isptconcordia-ers.infd.edu.ar\/sitio\/wp-json\/wp\/v2\/pages\/2146\/revisions\/2149"}],"wp:attachment":[{"href":"https:\/\/isptconcordia-ers.infd.edu.ar\/sitio\/wp-json\/wp\/v2\/media?parent=2146"}],"curies":[{"name":"wp","href":"https:\/\/api.w.org\/{rel}","templated":true}]}}