{"id":2095,"date":"2025-05-25T21:40:34","date_gmt":"2025-05-26T00:40:34","guid":{"rendered":"https:\/\/isptconcordia-ers.infd.edu.ar\/sitio\/?page_id=2095"},"modified":"2025-05-25T21:43:56","modified_gmt":"2025-05-26T00:43:56","slug":"cartelera","status":"publish","type":"page","link":"https:\/\/isptconcordia-ers.infd.edu.ar\/sitio\/cartelera\/","title":{"rendered":"Cartelera"},"content":{"rendered":"\n<p>Coordinaci\u00f3n Pr\u00e1ctica Educativa<\/p>\n\n\n\n<p>La cartelera es un infograf\u00eda visual en la cu\u00e1l recordamos fechas importantes, curiosidades etc. Los\/las estudiantes en sus  pr\u00e1cticas tienen la posibilidad de aprender a realizarlas con estrategias pedag\u00f3gicas creativas.<\/p>\n\n\n\n<p><\/p>\n\n\n\n<figure class=\"wp-block-image size-full\"><img decoding=\"async\" loading=\"lazy\" width=\"1599\" height=\"899\" src=\"https:\/\/isptconcordia-ers.infd.edu.ar\/sitio\/wp-content\/uploads\/2025\/05\/WhatsApp-Image-2025-05-08-at-8.43.35-PM-1.jpeg\" alt=\"\" class=\"wp-image-2099\" srcset=\"https:\/\/isptconcordia-ers.infd.edu.ar\/sitio\/wp-content\/uploads\/2025\/05\/WhatsApp-Image-2025-05-08-at-8.43.35-PM-1.jpeg 1599w, https:\/\/isptconcordia-ers.infd.edu.ar\/sitio\/wp-content\/uploads\/2025\/05\/WhatsApp-Image-2025-05-08-at-8.43.35-PM-1-1000x562.jpeg 1000w, https:\/\/isptconcordia-ers.infd.edu.ar\/sitio\/wp-content\/uploads\/2025\/05\/WhatsApp-Image-2025-05-08-at-8.43.35-PM-1-768x432.jpeg 768w, https:\/\/isptconcordia-ers.infd.edu.ar\/sitio\/wp-content\/uploads\/2025\/05\/WhatsApp-Image-2025-05-08-at-8.43.35-PM-1-1536x864.jpeg 1536w\" sizes=\"(max-width: 1599px) 100vw, 1599px\" \/><\/figure>\n","protected":false},"excerpt":{"rendered":"<p>Coordinaci\u00f3n Pr\u00e1ctica Educativa La cartelera es un infograf\u00eda visual en la cu\u00e1l recordamos fechas importantes, curiosidades etc. Los\/las estudiantes en sus pr\u00e1cticas tienen la posibilidad de aprender a realizarlas con estrategias pedag\u00f3gicas creativas.<\/p>\n","protected":false},"author":77,"featured_media":0,"parent":0,"menu_order":0,"comment_status":"closed","ping_status":"closed","template":"","meta":[],"acf":[],"_links":{"self":[{"href":"https:\/\/isptconcordia-ers.infd.edu.ar\/sitio\/wp-json\/wp\/v2\/pages\/2095"}],"collection":[{"href":"https:\/\/isptconcordia-ers.infd.edu.ar\/sitio\/wp-json\/wp\/v2\/pages"}],"about":[{"href":"https:\/\/isptconcordia-ers.infd.edu.ar\/sitio\/wp-json\/wp\/v2\/types\/page"}],"author":[{"embeddable":true,"href":"https:\/\/isptconcordia-ers.infd.edu.ar\/sitio\/wp-json\/wp\/v2\/users\/77"}],"replies":[{"embeddable":true,"href":"https:\/\/isptconcordia-ers.infd.edu.ar\/sitio\/wp-json\/wp\/v2\/comments?post=2095"}],"version-history":[{"count":3,"href":"https:\/\/isptconcordia-ers.infd.edu.ar\/sitio\/wp-json\/wp\/v2\/pages\/2095\/revisions"}],"predecessor-version":[{"id":2101,"href":"https:\/\/isptconcordia-ers.infd.edu.ar\/sitio\/wp-json\/wp\/v2\/pages\/2095\/revisions\/2101"}],"wp:attachment":[{"href":"https:\/\/isptconcordia-ers.infd.edu.ar\/sitio\/wp-json\/wp\/v2\/media?parent=2095"}],"curies":[{"name":"wp","href":"https:\/\/api.w.org\/{rel}","templated":true}]}}