{"id":1956,"date":"2025-01-24T09:50:07","date_gmt":"2025-01-24T12:50:07","guid":{"rendered":"https:\/\/isptconcordia-ers.infd.edu.ar\/sitio\/?page_id=1956"},"modified":"2026-02-20T18:55:35","modified_gmt":"2026-02-20T21:55:35","slug":"calendario-academico-2025","status":"publish","type":"page","link":"https:\/\/isptconcordia-ers.infd.edu.ar\/sitio\/calendario-academico-2025\/","title":{"rendered":"Calendario Acad\u00e9mico 2026"},"content":{"rendered":"\n<p>________________________________________________________________________________________________________________________________<\/p>\n\n\n\n<h1 class=\"wp-block-heading\"><strong>NIVEL SUPERIOR CRONOGRAMA DE ACTIVIDADES ESPEC\u00cdFICAS 3686\/25 CGE&nbsp;<\/strong><\/h1>\n\n\n\n<h2 class=\"wp-block-heading\"><strong>Febrero<\/strong><\/h2>\n\n\n\n<p><strong>11 de febrero. <\/strong>Presentaci\u00f3n de equipos de Conducci\u00f3n Directiva y No-Directiva. Trabajo vinculado a los acuerdos para la planificaci\u00f3n institucional.<\/p>\n\n\n\n<p><strong>12 de febrero. <\/strong>Presentaci\u00f3n de docentes: disponibilidad en relaci\u00f3n a la organizaci\u00f3n Institucional de acuerdo a la Planificaci\u00f3n. Modalidad Presencial y\/o Virtual.<\/p>\n\n\n\n<p><strong>18 de febrero al 25 de marzo. <\/strong>Mes de Presentaci\u00f3n de solicitud de tramitaci\u00f3n de Equivalencias, en el marco de la<a href=\"https:\/\/drive.google.com\/file\/d\/1KFSBmV76QAoVmPnBH20a63TVvyCT3rYC\/view?usp=sharing\"> Resoluci\u00f3n N\u00ba0249\/24 CGE.<\/a> Art. 55\u00ba.<\/p>\n\n\n\n<p><strong>12 de febrero al 25 de marzo<\/strong>: Presentaci\u00f3n de las planillas de incompatibilidad para directivos y docentes.<\/p>\n\n\n\n<p><strong>13 de febrero. Jornada Institucional Regional (Organizada por C.G.E)<\/strong>.<\/p>\n\n\n\n<p><strong>26 de febrero: <\/strong>Jornada Institucional. 19:30h<\/p>\n\n\n\n<p><strong>INSCRIPCI\u00d3N&nbsp; MESAS EVALUADORAS ORDINARIAS FEBRERO MARZO 2026&nbsp; 09\/02\/2026 AL 11\/02\/2026<\/strong><\/p>\n\n\n\n<p><strong>18 de febrero al 13 de marzo. <\/strong>Mesas evaluadoras ordinarias. Turno febrero-marzo (2 llamados) Una sola inscripci\u00f3n a cada unidad curricular seg\u00fan<a href=\"https:\/\/drive.google.com\/file\/d\/1KFSBmV76QAoVmPnBH20a63TVvyCT3rYC\/view?usp=sharing\"> Resol. 0249\/24 CGE<\/a>).<\/p>\n\n\n\n<h2 class=\"wp-block-heading\"><strong>Marzo<\/strong><\/h2>\n\n\n\n<p><strong>05 de marzo al 03 de abril. <\/strong>Carga en SAGE de los proyectos de Formaci\u00f3n Docente Continua para ser desarrolladas en el segundo semestre de 2026, seg\u00fan Resoluci\u00f3n N\u00ba<a href=\"https:\/\/drive.google.com\/file\/d\/1JwlH6gkZb5rqKVaLxkm_oFRVFBpRAdP1\/view?usp=drive_link\"> 4120\/13<\/a> CGE y<a href=\"https:\/\/drive.google.com\/file\/d\/1-qleNSAlmQJNRDPiqFnGkCOgr0wu1n9z\/view?usp=drive_link\"> 2345\/20<\/a> CGE.: presentaci\u00f3n de propuestas.<\/p>\n\n\n\n<p><strong>06 de marzo. <\/strong>Finalizaci\u00f3n A\u00f1o Acad\u00e9mico 2025.<\/p>\n\n\n\n<p><strong>09 de marzo. <\/strong>Inicio A\u00f1o Acad\u00e9mico 2026.<\/p>\n\n\n\n<p><strong>09\/03\/2026 AL 20\/03\/2026 INICIO DEL INTRODUCTORIO (Organizado por Consejo Directivo)<\/strong><\/p>\n\n\n\n<p><strong>16 de marzo<\/strong>. Inicio del primer cuatrimestre&nbsp;<\/p>\n\n\n\n<p><strong>16\/03 AL 19\/03<\/strong> INSCRIPCI\u00d3N PARA MATRICULACI\u00d3N DE 2\u00b0 A 4\u00b0 A\u00d1O &#8211; RECURSANTES &#8211; ALUMNOS ESPECIAL&nbsp;<\/p>\n\n\n\n<p><strong>23\/03 al 27\/03<\/strong> MESA DE TRABAJO CON DIFERENTES ACTORES INSTITUCIONALES PARA ABORDAR DOCUMENTOS: SIFIECA: ACUERDO CONVIVENCIA- PROTOCOLOS DE ACTUACI\u00d3N PROFESIONAL-&nbsp; R.A.I. &#8211; R.O.I.- P.F.I.<\/p>\n\n\n\n<p><strong>30\/03 INICIO DEL CICLO LECTIVO PARA ESTUDIANTES TODAS LAS CARRERAS Y CURSOS&nbsp;<\/strong><br><\/p>\n\n\n\n<p><strong>Abril<\/strong><\/p>\n\n\n\n<p>.<\/p>\n\n\n\n<p><strong>15 de abril: <\/strong>Segunda Jornada Interinstitucional 2026.<\/p>\n\n\n\n<p><strong>22 de abril: <\/strong>Segunda Jornada Institucional 2026<\/p>\n\n\n\n<p><strong>20 de marzo al 30 de abril: Entrega de Planificaciones Anuales (Aula Virtual)<\/strong><\/p>\n\n\n\n<p><br><strong>Mayo<\/strong><\/p>\n\n\n\n<p>Presentaci\u00f3n de Proyectos Formativos Institucionales (PFI). Actualizaci\u00f3n de dicho documento seg\u00fan evaluaci\u00f3n realizada.<\/p>\n\n\n\n<p><strong>18 al 22 de mayo. <\/strong>Mesas evaluadoras extraordinarias de acuerdo a lo estipulado en el R\u00e9gimen Acad\u00e9mico Marco Resoluci\u00f3n N\u00b0<a href=\"https:\/\/drive.google.com\/file\/d\/1KFSBmV76QAoVmPnBH20a63TVvyCT3rYC\/view?usp=sharing\"> 0249\/24 CGE,<\/a> con suspensi\u00f3n de actividades s\u00f3lo para docentes que las integran. Un solo llamado una sola inscripci\u00f3n a cada UC seg\u00fan Resol.<a href=\"https:\/\/drive.google.com\/file\/d\/1KFSBmV76QAoVmPnBH20a63TVvyCT3rYC\/view?usp=sharing\"> 0249\/23 CGE<\/a>).<\/p>\n\n\n\n<p>Presentaci\u00f3n de Post\u00edtulos, en el marco de las Resoluciones<a href=\"https:\/\/drive.google.com\/file\/d\/1Eokk2smVJoVektjvV3_x3FAgcmz6Ymyd\/view?usp=drive_link\"> 4964\/19<\/a> CGE y<a href=\"https:\/\/drive.google.com\/file\/d\/17UBwa_ikzBVSYimshwcRxtGZqiZDHfrr\/view?usp=drive_link\"> 1177\/25<\/a> CGE, para ser implementados a partir de abril del a\u00f1o acad\u00e9mico 2027.<\/p>\n\n\n\n<p><strong>26 y 27 de mayo<\/strong> . Feria de las Carreras&nbsp;<\/p>\n\n\n\n<h2 class=\"wp-block-heading\"><strong>Junio<\/strong><\/h2>\n\n\n\n<p>Mes de Solicitud de continuidad de cohortes y nuevas carreras de Formaci\u00f3n Docente y T\u00e9cnico Profesional, en el marco de las Resoluciones N\u00b0<a href=\"https:\/\/drive.google.com\/file\/d\/1qMid7xb_m0PwcvoPXpbVmk10ZNHlQpJl\/view?usp=drive_link\"> 3121\/16 CGE<\/a> y N\u00ba<a href=\"https:\/\/drive.google.com\/file\/d\/1AbBNH5qWWLHUjjhe5HgugIHiHjVv7Mwa\/view?usp=drive_link\"> 2060\/23 CGE<\/a> respectivamente para cada Direcci\u00f3n.<\/p>\n\n\n\n<p>Presentaci\u00f3n de primera versi\u00f3n del Proyecto de Vinculaci\u00f3n de los Institutos Superiores de Formaci\u00f3n Docente con organizaciones e instituciones asociadas, con su correspondiente Propuesta de Formaci\u00f3n, a la Direcci\u00f3n de Educaci\u00f3n Superior, en el marco de la Resoluci\u00f3n N\u00ba<a href=\"https:\/\/drive.google.com\/file\/d\/1XvoEP2Fmb__Q3hfzXyUmXKOukrgjDIj3\/view?usp=sharing\"> 3266\/11 CGE.<\/a><\/p>\n\n\n\n<p>Presentaci\u00f3n del Proyecto de Vinculaci\u00f3n y del de Formaci\u00f3n de carreras de Formaci\u00f3n Docente, al Equipo T\u00e9cnico Pedag\u00f3gico de Nivel Superior de la Direcci\u00f3n de Educaci\u00f3n de Gesti\u00f3n Privada, en el marco de la Resoluci\u00f3n N\u00ba<a href=\"https:\/\/drive.google.com\/file\/d\/1XvoEP2Fmb__Q3hfzXyUmXKOukrgjDIj3\/view?usp=sharing\"> 3266\/11 CGE.<\/a><\/p>\n\n\n\n<p>Presentaci\u00f3n de Proyectos de Pr\u00e1cticas Profesionalizantes y Convenios Interinstitucionales, a la Direcci\u00f3n de Educaci\u00f3n Superior o a la Direcci\u00f3n de Gesti\u00f3n Privada, por medio del Equipo T\u00e9cnico Pedag\u00f3gico del Nivel Superior, seg\u00fan su dependencia, para carreras T\u00e9cnico Profesionales, en el marco de la Resoluci\u00f3n N\u00ba<a href=\"https:\/\/drive.google.com\/file\/d\/1_zlohdbZHQiGP55b_mTTFQvwwgSn-k_G\/view?usp=sharing\"> 0686\/23 CGE.<\/a><\/p>\n\n\n\n<p>Firma de Actas Acuerdo entre los institutos con la carrera de Tecnicatura Superior en Enfermer\u00eda y los efectores designados por el Ministerio de Salud en el marco del convenio espec\u00edfico.<\/p>\n\n\n\n<h2 class=\"wp-block-heading\"><strong>Julio<\/strong><\/h2>\n\n\n\n<p><strong>03 de julio. <\/strong>Fin del primer cuatrimestre.<\/p>\n\n\n\n<p><strong>01 al 31 de julio. <\/strong>Carga en SAGE de los proyectos de Formaci\u00f3n Docente Continua para ser desarrolladas en el primer semestre 2026, seg\u00fan Resoluci\u00f3n N\u00ba<a href=\"https:\/\/drive.google.com\/file\/d\/1JwlH6gkZb5rqKVaLxkm_oFRVFBpRAdP1\/view?usp=drive_link\"> 4120\/13<\/a> CGE y<a href=\"https:\/\/drive.google.com\/file\/d\/1-qleNSAlmQJNRDPiqFnGkCOgr0wu1n9z\/view?usp=drive_link\"> 2345\/20<\/a> CGE.<\/p>\n\n\n\n<p><strong>06 al 17 de julio. <\/strong>Receso de Invierno.<\/p>\n\n\n\n<p><strong>20 al 24 de julio. <\/strong>Convocatoria y recepci\u00f3n de proyectos de Formaci\u00f3n Profesional Continua, seg\u00fan<a href=\"https:\/\/drive.google.com\/file\/d\/1nVu4SVzrpWANOUQtuSHYZpP41vZp6RnP\/view?usp=drive_link\"> Resoluci\u00f3n N\u00ba 3311\/18 CGE<\/a> para iniciarse en el primer cuatrimestre del 2027.<\/p>\n\n\n\n<p><strong>20 al 31 de julio. <\/strong>Mesas evaluadoras ordinarias. Turno julio \u2013 agosto (2 llamados)<\/p>\n\n\n\n<h2 class=\"wp-block-heading\"><strong>Agosto<\/strong><\/h2>\n\n\n\n<p><strong>03 de agosto. <\/strong>Inicio Segundo Cuatrimestre.<\/p>\n\n\n\n<p><strong>10 al 14 de agosto: <\/strong>Tercera Jornada Interinstitucional 2026.<\/p>\n\n\n\n<p><strong>18 al 21 de agosto: <\/strong>Tercera Jornada Institucional 2026<\/p>\n\n\n\n<h2 class=\"wp-block-heading\"><strong>Septiembre<\/strong><\/h2>\n\n\n\n<p><strong>07 al 14 de septiembre. <\/strong>Mesas evaluadoras extraordinarias, de acuerdo a lo estipulado en la Resoluci\u00f3n N\u00b0<a href=\"https:\/\/drive.google.com\/file\/d\/1KFSBmV76QAoVmPnBH20a63TVvyCT3rYC\/view?usp=sharing\"> 0249\/24 CGE,<\/a> con suspensi\u00f3n de actividades s\u00f3lo para docentes afectados a la mesa. Un solo llamado una sola inscripci\u00f3n a cada unidad curricular seg\u00fan Resol.<a href=\"https:\/\/drive.google.com\/file\/d\/1KFSBmV76QAoVmPnBH20a63TVvyCT3rYC\/view?usp=sharing\"> 0249\/23 CGE<\/a>).<\/p>\n\n\n\n<h2 class=\"wp-block-heading\"><strong>Octubre<\/strong><\/h2>\n\n\n\n<p><strong>19 al 23 de octubre: <\/strong>Cuarta Jornada Interinstitucional 2026.<\/p>\n\n\n\n<p><strong>26 al 30 de octubre: <\/strong>Cuarta Jornada Institucional 2026<strong>. Jornadas de ISDICA<\/strong><\/p>\n\n\n\n<p><strong><br><\/strong><strong>Noviembre<\/strong><\/p>\n\n\n\n<p>Instancias de cierre con equipos de pr\u00e1ctica, estudiantes, directivos y docentes de instituciones educativas asociadas, en el marco de los Proyectos de Vinculaci\u00f3n.<\/p>\n\n\n\n<p>Presentaci\u00f3n de la \u00faltima versi\u00f3n del Proyecto de Vinculaci\u00f3n a la Direcci\u00f3n de Educaci\u00f3n Superior.<\/p>\n\n\n\n<p>.<\/p>\n\n\n\n<p><strong>20 de noviembre. <\/strong>Finalizaci\u00f3n del Segundo Cuatrimestre.<\/p>\n\n\n\n<p><strong>23 al 26 de noviembre <\/strong>. Inscripci\u00f3n a Mesas.<\/p>\n\n\n\n<p><strong>Del 30 de noviembre<\/strong><strong> <\/strong><strong>al 18 de diciembre: <\/strong>Mesas evaluadoras ordinarias. Turno diciembre (2 llamados).<\/p>\n\n\n\n<h2 class=\"wp-block-heading\"><strong>Diciembre<\/strong><\/h2>\n\n\n\n<p>Convocatoria y recepci\u00f3n de proyectos de Formaci\u00f3n Profesional Continua, seg\u00fan Resoluci\u00f3n N\u00ba<a href=\"https:\/\/drive.google.com\/file\/d\/1nVu4SVzrpWANOUQtuSHYZpP41vZp6RnP\/view?usp=sharing\"> 3311\/18 CGE<\/a> para iniciarse en el segundo cuatrimestre del 2027.<\/p>\n\n\n\n<p>16 de diciembre. Acto Colaci\u00f3n ( Decidir qui\u00e9n organiza)<\/p>\n\n\n\n<p><strong>18 de diciembre. <\/strong>Finalizaci\u00f3n de actividades.<\/p>\n\n\n\n<p><strong>21 de diciembre:<\/strong>Inicio de Receso de Verano.<\/p>\n\n\n\n<p><strong>Calendario Bimodalidad 1er Cuatrimestre<\/strong><\/p>\n\n\n\n<p><strong>Abril del 26 al 30&nbsp;<\/strong><\/p>\n\n\n\n<figure class=\"wp-block-image size-full\"><img decoding=\"async\" loading=\"lazy\" width=\"355\" height=\"378\" src=\"https:\/\/isptconcordia-ers.infd.edu.ar\/sitio\/wp-content\/uploads\/2026\/02\/image.png\" alt=\"\" class=\"wp-image-2616\"\/><\/figure>\n\n\n\n<p><strong>Mayo 26 al 31<\/strong><\/p>\n\n\n\n<figure class=\"wp-block-image size-full\"><img decoding=\"async\" loading=\"lazy\" width=\"373\" height=\"469\" src=\"https:\/\/isptconcordia-ers.infd.edu.ar\/sitio\/wp-content\/uploads\/2026\/02\/image-1.png\" alt=\"\" class=\"wp-image-2617\"\/><\/figure>\n\n\n\n<p>_______________________________________________________________________________________________________________________________<\/p>\n\n\n\n<p><strong>&#x1f58d;&#xfe0f;INICIO DEL INTRODUCTORIO 09\/03\/2026 AL 20\/03\/2026<\/strong><\/p>\n\n\n\n<p>__________________________________________________________________________________________________________________________________<\/p>\n\n\n\n<p><\/p>\n\n\n\n<p>.<\/p>\n\n\n\n<p><strong>Equipo de Conducci\u00f3n ISDICA<\/strong>&#8211; Consejo Directivo Institucional<\/p>\n\n\n\n<p>Consulta Feriadas Nacionales <a href=\"https:\/\/www.entrerios.gov.ar\/dgrrhh\/inicio\/calendario.pdf\">https:\/\/www.entrerios.gov.ar\/dgrrhh\/inicio\/calendario.pdf<\/a><\/p>\n","protected":false},"excerpt":{"rendered":"<p>________________________________________________________________________________________________________________________________ NIVEL SUPERIOR CRONOGRAMA DE ACTIVIDADES ESPEC\u00cdFICAS 3686\/25 CGE&nbsp; Febrero 11 de febrero. Presentaci\u00f3n de equipos de Conducci\u00f3n Directiva y No-Directiva. Trabajo vinculado a los acuerdos para la planificaci\u00f3n institucional. 12 de febrero. Presentaci\u00f3n de docentes: disponibilidad en relaci\u00f3n a la organizaci\u00f3n Institucional de acuerdo a la Planificaci\u00f3n. Modalidad Presencial y\/o Virtual. 18 de febrero &#8230; <a title=\"Calendario Acad\u00e9mico 2026\" class=\"read-more\" href=\"https:\/\/isptconcordia-ers.infd.edu.ar\/sitio\/calendario-academico-2025\/\" aria-label=\"More on Calendario Acad\u00e9mico 2026\">[+]<\/a><\/p>\n","protected":false},"author":1033,"featured_media":0,"parent":0,"menu_order":0,"comment_status":"closed","ping_status":"closed","template":"","meta":[],"acf":[],"_links":{"self":[{"href":"https:\/\/isptconcordia-ers.infd.edu.ar\/sitio\/wp-json\/wp\/v2\/pages\/1956"}],"collection":[{"href":"https:\/\/isptconcordia-ers.infd.edu.ar\/sitio\/wp-json\/wp\/v2\/pages"}],"about":[{"href":"https:\/\/isptconcordia-ers.infd.edu.ar\/sitio\/wp-json\/wp\/v2\/types\/page"}],"author":[{"embeddable":true,"href":"https:\/\/isptconcordia-ers.infd.edu.ar\/sitio\/wp-json\/wp\/v2\/users\/1033"}],"replies":[{"embeddable":true,"href":"https:\/\/isptconcordia-ers.infd.edu.ar\/sitio\/wp-json\/wp\/v2\/comments?post=1956"}],"version-history":[{"count":7,"href":"https:\/\/isptconcordia-ers.infd.edu.ar\/sitio\/wp-json\/wp\/v2\/pages\/1956\/revisions"}],"predecessor-version":[{"id":2619,"href":"https:\/\/isptconcordia-ers.infd.edu.ar\/sitio\/wp-json\/wp\/v2\/pages\/1956\/revisions\/2619"}],"wp:attachment":[{"href":"https:\/\/isptconcordia-ers.infd.edu.ar\/sitio\/wp-json\/wp\/v2\/media?parent=1956"}],"curies":[{"name":"wp","href":"https:\/\/api.w.org\/{rel}","templated":true}]}}