{"id":1936,"date":"2025-09-17T18:05:52","date_gmt":"2025-09-17T21:05:52","guid":{"rendered":"https:\/\/isptconcordia-ers.infd.edu.ar\/sitio\/?page_id=1936"},"modified":"2026-04-27T21:22:05","modified_gmt":"2026-04-28T00:22:05","slug":"ingreso-ciclo-lectivo-2026","status":"publish","type":"page","link":"https:\/\/isptconcordia-ers.infd.edu.ar\/sitio\/ingreso-ciclo-lectivo-2026\/","title":{"rendered":"PROPUESTAS ACAD\u00c9MICAS"},"content":{"rendered":"\n<p class=\"has-medium-font-size\"> <\/p>\n\n\n\n<h2 class=\"wp-block-heading\">Carreras que podes cursar:<\/h2>\n\n\n\n<ul>\n<li class=\"has-medium-font-size\"><strong>Profesorado de Educaci\u00f3n Secundaria en&nbsp;Biolog\u00eda<\/strong><\/li>\n\n\n\n<li class=\"has-medium-font-size\"><strong>Profesorado de Educaci\u00f3n Secundaria en&nbsp;F\u00edsica<\/strong><\/li>\n\n\n\n<li class=\"has-medium-font-size\"><strong>Profesorado de Educaci\u00f3n Secundaria en&nbsp;Matem\u00e1tica<\/strong><\/li>\n\n\n\n<li class=\"has-medium-font-size\"><strong>Profesorado de Educaci\u00f3n Secundaria en Qu\u00edmica<\/strong><\/li>\n\n\n\n<li class=\"has-medium-font-size\"><strong>Profesorado de Educaci\u00f3n Tecnol\u00f3gica<\/strong><\/li>\n<\/ul>\n\n\n\n<p class=\"has-medium-font-size\"><\/p>\n\n\n\n<p><strong><u>Documentaci\u00f3n Requerida (traer en un folio):<\/u><\/strong><\/p>\n\n\n\n<p><\/p>\n\n\n\n<ol>\n<li><a href=\"https:\/\/drive.google.com\/file\/d\/1AlFNCkqVoBhOF2jMTokWsfI46ExC51zd\/view?usp=sharing\">Formulario para la Instituci\u00f3n, hacer una copia del Documento para que se pueda editar- Imprimir y presentar con documentaci\u00f3n  <\/a><br>https:\/\/drive.google.com\/file\/d\/1AlFNCkqVoBhOF2jMTokWsfI46ExC51zd\/view?usp=sharing<\/li>\n\n\n\n<li>T\u00edtulo Secundario Legalizado o Certificado de T\u00edtulo en Tr\u00e1mite <\/li>\n\n\n\n<li>D.N.I. (frente y reverso)<\/li>\n\n\n\n<li>Fotocopia de Partida Nacimiento Autenticada<\/li>\n\n\n\n<li>Certificado \u00danico de Discapacidad (CUD) en caso de que corresponda.<\/li>\n\n\n\n<li>Constancia de C.U.I.L.<\/li>\n\n\n\n<li>Certificado de Buena Salud firmado por profesional m\u00e9dico.<\/li>\n\n\n\n<li>Foto de frente tipo Carnet con fondo blanco<\/li>\n<\/ol>\n\n\n\n<h1 class=\"wp-block-heading\">RECEPCI\u00d3N DE DOCUMENTACI\u00d3N VALIDAR INSCRIPCI\u00d3N<\/h1>\n\n\n\n<p class=\"has-medium-font-size\"><\/p>\n\n\n\n<p><\/p>\n\n\n\n<p>RECEPCI\u00d3N DE DOCUMENTACI\u00d3N SOLICITUD DE EQUIVALENCIAS<\/p>\n\n\n\n<p>Requisitos : Formulario de Solicitud de equivalencia Resoluci\u00f3n 249\/24 CGE Pag 38 y 39. Leer con atenci\u00f3n el art 58.<\/p>\n\n\n\n<ul>\n<li>Certificado anal\u00edtico autenticado<\/li>\n\n\n\n<li>Proyecto de c\u00e1tedra autenticado<\/li>\n\n\n\n<li>1 folio <\/li>\n<\/ul>\n\n\n\n<p> <\/p>\n\n\n\n<p>ALUMNO ESPECIAL : RESOLUCI\u00d3N 0249\/24 CGE : ART 21 <\/p>\n\n\n\n<p>REQUISITOS: PLANILLA DE MATRICULACI\u00d3N- COPIA DE ANAL\u00cdTICO AUTENTICADO.<\/p>\n\n\n\n<p><\/p>\n\n\n\n<figure class=\"wp-block-image size-large\"><img decoding=\"async\" loading=\"lazy\" width=\"1343\" height=\"1900\" src=\"https:\/\/isptconcordia-ers.infd.edu.ar\/sitio\/wp-content\/uploads\/2026\/02\/Alumno-Especial-1343x1900.png\" alt=\"\" class=\"wp-image-2620\" srcset=\"https:\/\/isptconcordia-ers.infd.edu.ar\/sitio\/wp-content\/uploads\/2026\/02\/Alumno-Especial-1343x1900.png 1343w, https:\/\/isptconcordia-ers.infd.edu.ar\/sitio\/wp-content\/uploads\/2026\/02\/Alumno-Especial-707x1000.png 707w, https:\/\/isptconcordia-ers.infd.edu.ar\/sitio\/wp-content\/uploads\/2026\/02\/Alumno-Especial-768x1086.png 768w, https:\/\/isptconcordia-ers.infd.edu.ar\/sitio\/wp-content\/uploads\/2026\/02\/Alumno-Especial-1086x1536.png 1086w, https:\/\/isptconcordia-ers.infd.edu.ar\/sitio\/wp-content\/uploads\/2026\/02\/Alumno-Especial.png 1414w\" sizes=\"(max-width: 1343px) 100vw, 1343px\" \/><\/figure>\n\n\n\n<p>Equipo de Gesti\u00f3n.<\/p>\n","protected":false},"excerpt":{"rendered":"<p>Carreras que podes cursar: Documentaci\u00f3n Requerida (traer en un folio): RECEPCI\u00d3N DE DOCUMENTACI\u00d3N VALIDAR INSCRIPCI\u00d3N RECEPCI\u00d3N DE DOCUMENTACI\u00d3N SOLICITUD DE EQUIVALENCIAS Requisitos : Formulario de Solicitud de equivalencia Resoluci\u00f3n 249\/24 CGE Pag 38 y 39. Leer con atenci\u00f3n el art 58. ALUMNO ESPECIAL : RESOLUCI\u00d3N 0249\/24 CGE : ART 21 REQUISITOS: PLANILLA DE MATRICULACI\u00d3N- COPIA &#8230; <a title=\"PROPUESTAS ACAD\u00c9MICAS\" class=\"read-more\" href=\"https:\/\/isptconcordia-ers.infd.edu.ar\/sitio\/ingreso-ciclo-lectivo-2026\/\" aria-label=\"More on PROPUESTAS ACAD\u00c9MICAS\">[+]<\/a><\/p>\n","protected":false},"author":1033,"featured_media":0,"parent":0,"menu_order":0,"comment_status":"closed","ping_status":"closed","template":"","meta":[],"acf":[],"_links":{"self":[{"href":"https:\/\/isptconcordia-ers.infd.edu.ar\/sitio\/wp-json\/wp\/v2\/pages\/1936"}],"collection":[{"href":"https:\/\/isptconcordia-ers.infd.edu.ar\/sitio\/wp-json\/wp\/v2\/pages"}],"about":[{"href":"https:\/\/isptconcordia-ers.infd.edu.ar\/sitio\/wp-json\/wp\/v2\/types\/page"}],"author":[{"embeddable":true,"href":"https:\/\/isptconcordia-ers.infd.edu.ar\/sitio\/wp-json\/wp\/v2\/users\/1033"}],"replies":[{"embeddable":true,"href":"https:\/\/isptconcordia-ers.infd.edu.ar\/sitio\/wp-json\/wp\/v2\/comments?post=1936"}],"version-history":[{"count":34,"href":"https:\/\/isptconcordia-ers.infd.edu.ar\/sitio\/wp-json\/wp\/v2\/pages\/1936\/revisions"}],"predecessor-version":[{"id":2877,"href":"https:\/\/isptconcordia-ers.infd.edu.ar\/sitio\/wp-json\/wp\/v2\/pages\/1936\/revisions\/2877"}],"wp:attachment":[{"href":"https:\/\/isptconcordia-ers.infd.edu.ar\/sitio\/wp-json\/wp\/v2\/media?parent=1936"}],"curies":[{"name":"wp","href":"https:\/\/api.w.org\/{rel}","templated":true}]}}