{"id":1139,"date":"2019-09-13T20:17:43","date_gmt":"2019-09-13T23:17:43","guid":{"rendered":"https:\/\/isptconcordia-ers.infd.edu.ar\/sitio\/?page_id=1139"},"modified":"2020-10-24T12:04:55","modified_gmt":"2020-10-24T15:04:55","slug":"profesorado-de-educacion-secundaria-en-biologia","status":"publish","type":"page","link":"https:\/\/isptconcordia-ers.infd.edu.ar\/sitio\/profesorado-de-educacion-secundaria-en-biologia\/","title":{"rendered":"Profesorado de Educaci\u00f3n Secundaria en BIOLOG\u00cdA"},"content":{"rendered":"<p><img decoding=\"async\" loading=\"lazy\" class=\"alignnone size-medium wp-image-1203\" src=\"https:\/\/isptconcordia-ers.infd.edu.ar\/sitio\/wp-content\/uploads\/2019\/10\/WhatsApp-Image-2019-09-04-at-19.36.42-1000x750.jpeg\" alt=\"\" width=\"1000\" height=\"750\" srcset=\"https:\/\/isptconcordia-ers.infd.edu.ar\/sitio\/wp-content\/uploads\/2019\/10\/WhatsApp-Image-2019-09-04-at-19.36.42-1000x750.jpeg 1000w, https:\/\/isptconcordia-ers.infd.edu.ar\/sitio\/wp-content\/uploads\/2019\/10\/WhatsApp-Image-2019-09-04-at-19.36.42-768x576.jpeg 768w, https:\/\/isptconcordia-ers.infd.edu.ar\/sitio\/wp-content\/uploads\/2019\/10\/WhatsApp-Image-2019-09-04-at-19.36.42.jpeg 1280w\" sizes=\"(max-width: 1000px) 100vw, 1000px\" \/><\/p>\n<p><strong>T\u00edtulo que se otorga: <\/strong>Profesor de Educaci\u00f3n Secundaria en Biolog\u00eda<\/p>\n<p><strong>Duraci\u00f3n: 4 a\u00f1os<\/strong><\/p>\n<p style=\"text-align: justify;\"><strong>Condiciones de ingreso:\u00a0<\/strong>Certificado de finalizaci\u00f3n y aprobaci\u00f3n de estudios correspondientes al Nivel Secundario o constancia correspondiente. El ingreso de alumnos que adeuden materias de Educaci\u00f3n Secundaria se permitir\u00e1 en forma provisoria en el caso de no sumar m\u00e1s de dos (2) asignaturas pendientes de aprobaci\u00f3n, requiriendo la presentaci\u00f3n de culminaci\u00f3n de sus estudios previo al inicio del receso escolar de invierno. De lo contrario, la\/el interesada\/o no podr\u00e1 avanzar en los estudios de Educaci\u00f3n Superior, no comput\u00e1ndose\u00a0 el cursado u aprobaci\u00f3n de instancias de evaluaci\u00f3n que hubiere realizado hasta esa fecha.<\/p>\n<p><strong>Perfil del egresado<\/strong><\/p>\n<p style=\"text-align: justify;\">La construcci\u00f3n de un dise\u00f1o curricular para la formaci\u00f3n docente inicial, nos posibilita resignificar la profesi\u00f3n docente, de manera tal de pensarla y concebirla como una pr\u00e1ctica reflexiva y critica.<\/p>\n<p style=\"text-align: justify;\">En este sentido pretendemos que el egresado del <strong>Profesorado en Educaci\u00f3n Secundaria en Biolog\u00eda<\/strong> sea un docente comprometido \u00e9tica y pol\u00edticamente con los procesos culturales, sociales, est\u00e9ticos de la sociedad en la que vive.<\/p>\n<p style=\"text-align: justify;\">Por lo expuesto se aspira formar un docente para la educaci\u00f3n secundaria con capacidad de:<\/p>\n<ul>\n<li style=\"text-align: justify;\">Asumir como sujeto aut\u00f3nomo, creativo, con responsabilidad profesional para la toma de decisiones.<\/li>\n<li style=\"text-align: justify;\">Contextualizar las intervenciones\u00a0 de ense\u00f1anza en\u00a0 pos de\u00a0 encontrar\u00a0 diferentes\u00a0 y mejores formas; de posibilitar los aprendizajes de los alumnos\/ as y apoyar procesos democr\u00e1ticos al interior de las instituciones educativas y de las aulas.<\/li>\n<li style=\"text-align: justify;\">Posicionarse comprometidamente en la configuraci\u00f3n y consolidaci\u00f3n de su identidad como profesional docente.<\/li>\n<li style=\"text-align: justify;\">Construir espacios de trabajo compartido y colaborativo en las instituciones educativas.<\/li>\n<li style=\"text-align: justify;\">Comprender determinados marcos conceptuales que lo habiliten para seguir profundizando en la disciplina, transformando esos conocimientos en contenidos a ser ense\u00f1ados.<\/li>\n<li style=\"text-align: justify;\">Seleccionar, dise\u00f1ar\u00a0 y\u00a0 utilizar\u00a0 diversos\u00a0 recursos\u00a0 did\u00e1cticos,\u00a0 como\u00a0 elementos\u00a0 de laboratorio, las TIC, entre otros, en situaciones de ense\u00f1anza formal y no formal.<\/li>\n<li style=\"text-align: justify;\">Interactuar en diferentes contextos, roles y<\/li>\n<li style=\"text-align: justify;\">Implementar reflexivamente los dise\u00f1os curriculares del nivel secundario vigentes en sus diferentes modalidades<\/li>\n<li style=\"text-align: justify;\">Construir y desarrollar dispositivos pedag\u00f3gicos-disciplinares para atender a la diversidad y la integraci\u00f3n de los sujetos, desde la confianza en sus posibilidades de aprender y la compresi\u00f3n de su comunidad<\/li>\n<li style=\"text-align: justify;\">Comprometerse con una concepci\u00f3n de evaluaci\u00f3n multidimensional y multireferencial tanto de los aprendizajes como de la ense\u00f1anza.<\/li>\n<\/ul>\n<p><a href=\"https:\/\/docs.google.com\/forms\/d\/e\/1FAIpQLSf3RVXLo7PVjZ5l6b_eCnAr-iU9ZwNpTcxHhniXQuejNBVbpg\/viewform?usp=pp_url&amp;entry.1261125244=Femenino&amp;entry.2034584554=Concordia&amp;entry.352284212=Entre+R%C3%ADos&amp;entry.427445498=Soltero&amp;entry.933297859=SIN+COBERTURA&amp;entry.1916027731=Argentina&amp;entry.1102043296=Concordia&amp;entry.653928779=%2B54+9+345+15-222-3333&amp;entry.439812006=No&amp;entry.1092318836=2019&amp;entry.233888378=Cursando+(no+egresado+a+la+fecha)\"><span style=\"text-decoration: underline;\"><span style=\"font-family: 'arial black', sans-serif; font-size: 12pt;\"><em><span style=\"color: #000080;\"><strong>Haga click aqu\u00ed para inscribirse al ciclo lectivo 2021\u00a0<\/strong><\/span><\/em><\/span><\/span><\/a><\/p>\n<p><a href=\"https:\/\/docs.google.com\/forms\/d\/e\/1FAIpQLSf3RVXLo7PVjZ5l6b_eCnAr-iU9ZwNpTcxHhniXQuejNBVbpg\/viewform?usp=pp_url&amp;entry.1261125244=Femenino&amp;entry.2034584554=Concordia&amp;entry.352284212=Entre+R%C3%ADos&amp;entry.427445498=Soltero&amp;entry.933297859=SIN+COBERTURA&amp;entry.1916027731=Argentina&amp;entry.1102043296=Concordia&amp;entry.653928779=%2B54+9+345+15-222-3333&amp;entry.439812006=No&amp;entry.1092318836=2019&amp;entry.233888378=Cursando+(no+egresado+a+la+fecha)\"><img decoding=\"async\" loading=\"lazy\" class=\"alignnone wp-image-1177\" src=\"https:\/\/isptconcordia-ers.infd.edu.ar\/sitio\/wp-content\/uploads\/2019\/09\/biologia-jpg-2.jpg\" alt=\"\" width=\"509\" height=\"381\" \/><\/a><\/p>\n","protected":false},"excerpt":{"rendered":"<p>T\u00edtulo que se otorga: Profesor de Educaci\u00f3n Secundaria en Biolog\u00eda Duraci\u00f3n: 4 a\u00f1os Condiciones de ingreso:\u00a0Certificado de finalizaci\u00f3n y aprobaci\u00f3n de estudios correspondientes al Nivel Secundario o constancia correspondiente. El ingreso de alumnos que adeuden materias de Educaci\u00f3n Secundaria se permitir\u00e1 en forma provisoria en el caso de no sumar m\u00e1s de dos (2) asignaturas &#8230; <a title=\"Profesorado de Educaci\u00f3n Secundaria en BIOLOG\u00cdA\" class=\"read-more\" href=\"https:\/\/isptconcordia-ers.infd.edu.ar\/sitio\/profesorado-de-educacion-secundaria-en-biologia\/\" aria-label=\"More on Profesorado de Educaci\u00f3n Secundaria en BIOLOG\u00cdA\">[+]<\/a><\/p>\n","protected":false},"author":1033,"featured_media":0,"parent":0,"menu_order":0,"comment_status":"closed","ping_status":"closed","template":"","meta":[],"acf":[],"_links":{"self":[{"href":"https:\/\/isptconcordia-ers.infd.edu.ar\/sitio\/wp-json\/wp\/v2\/pages\/1139"}],"collection":[{"href":"https:\/\/isptconcordia-ers.infd.edu.ar\/sitio\/wp-json\/wp\/v2\/pages"}],"about":[{"href":"https:\/\/isptconcordia-ers.infd.edu.ar\/sitio\/wp-json\/wp\/v2\/types\/page"}],"author":[{"embeddable":true,"href":"https:\/\/isptconcordia-ers.infd.edu.ar\/sitio\/wp-json\/wp\/v2\/users\/1033"}],"replies":[{"embeddable":true,"href":"https:\/\/isptconcordia-ers.infd.edu.ar\/sitio\/wp-json\/wp\/v2\/comments?post=1139"}],"version-history":[{"count":15,"href":"https:\/\/isptconcordia-ers.infd.edu.ar\/sitio\/wp-json\/wp\/v2\/pages\/1139\/revisions"}],"predecessor-version":[{"id":1400,"href":"https:\/\/isptconcordia-ers.infd.edu.ar\/sitio\/wp-json\/wp\/v2\/pages\/1139\/revisions\/1400"}],"wp:attachment":[{"href":"https:\/\/isptconcordia-ers.infd.edu.ar\/sitio\/wp-json\/wp\/v2\/media?parent=1139"}],"curies":[{"name":"wp","href":"https:\/\/api.w.org\/{rel}","templated":true}]}}